{"id":5419,"date":"2021-09-19T20:19:36","date_gmt":"2021-09-19T19:19:36","guid":{"rendered":"https:\/\/parroquiasanjorge.es\/?page_id=5419"},"modified":"2021-11-30T01:14:14","modified_gmt":"2021-11-30T00:14:14","slug":"actividades-de-verano","status":"publish","type":"page","link":"https:\/\/parroquiasanjorge.es\/?page_id=5419","title":{"rendered":"Actividades de verano"},"content":{"rendered":"\t\t<div data-elementor-type=\"wp-page\" data-elementor-id=\"5419\" class=\"elementor elementor-5419\">\n\t\t\t\t\t\t<section class=\"elementor-section elementor-top-section elementor-element elementor-element-ff68934 elementor-section-full_width elementor-section-height-full elementor-section-stretched elementor-section-height-default elementor-section-items-middle\" data-id=\"ff68934\" data-element_type=\"section\" data-settings=\"{&quot;stretch_section&quot;:&quot;section-stretched&quot;}\">\n\t\t\t\t\t\t<div class=\"elementor-container elementor-column-gap-custom\">\n\t\t\t\t\t<div class=\"elementor-column elementor-col-100 elementor-top-column elementor-element elementor-element-f8e7d52\" data-id=\"f8e7d52\" data-element_type=\"column\">\n\t\t\t<div class=\"elementor-widget-wrap elementor-element-populated\">\n\t\t\t\t\t\t<div class=\"elementor-element elementor-element-7587f8e elementor-widget elementor-widget-image\" data-id=\"7587f8e\" data-element_type=\"widget\" data-widget_type=\"image.default\">\n\t\t\t\t<div class=\"elementor-widget-container\">\n\t\t\t<style>\/*! elementor - v3.20.0 - 11-03-2024 *\/\n.elementor-widget-image{text-align:center}.elementor-widget-image a{display:inline-block}.elementor-widget-image a img[src$=\".svg\"]{width:48px}.elementor-widget-image img{vertical-align:middle;display:inline-block}<\/style>\t\t\t\t\t\t\t\t\t\t<img fetchpriority=\"high\" decoding=\"async\" width=\"2048\" height=\"1536\" src=\"https:\/\/parroquiasanjorge.es\/wp-content\/uploads\/2021\/09\/WhatsApp-Image-2021-09-20-at-09.15.17.jpeg\" class=\"attachment-full size-full wp-image-5446\" alt=\"\" \/>\t\t\t\t\t\t\t\t\t\t\t\t\t<\/div>\n\t\t\t\t<\/div>\n\t\t\t\t\t<\/div>\n\t\t<\/div>\n\t\t\t\t\t<\/div>\n\t\t<\/section>\n\t\t\t\t<section class=\"elementor-section elementor-top-section elementor-element elementor-element-fe4d7e2 elementor-section-full_width elementor-section-height-default elementor-section-height-default\" data-id=\"fe4d7e2\" data-element_type=\"section\">\n\t\t\t\t\t\t<div class=\"elementor-container elementor-column-gap-default\">\n\t\t\t\t\t<div class=\"elementor-column elementor-col-100 elementor-top-column elementor-element elementor-element-8626150\" data-id=\"8626150\" data-element_type=\"column\">\n\t\t\t<div class=\"elementor-widget-wrap elementor-element-populated\">\n\t\t\t\t\t\t<div class=\"elementor-element elementor-element-e2ae9b3 elementor-widget elementor-widget-heading\" data-id=\"e2ae9b3\" data-element_type=\"widget\" data-widget_type=\"heading.default\">\n\t\t\t\t<div class=\"elementor-widget-container\">\n\t\t\t<style>\/*! elementor - v3.20.0 - 11-03-2024 *\/\n.elementor-heading-title{padding:0;margin:0;line-height:1}.elementor-widget-heading .elementor-heading-title[class*=elementor-size-]>a{color:inherit;font-size:inherit;line-height:inherit}.elementor-widget-heading .elementor-heading-title.elementor-size-small{font-size:15px}.elementor-widget-heading .elementor-heading-title.elementor-size-medium{font-size:19px}.elementor-widget-heading .elementor-heading-title.elementor-size-large{font-size:29px}.elementor-widget-heading .elementor-heading-title.elementor-size-xl{font-size:39px}.elementor-widget-heading .elementor-heading-title.elementor-size-xxl{font-size:59px}<\/style><h2 class=\"elementor-heading-title elementor-size-default\">Actividades de verano<\/h2>\t\t<\/div>\n\t\t\t\t<\/div>\n\t\t\t\t\t<\/div>\n\t\t<\/div>\n\t\t\t\t\t<\/div>\n\t\t<\/section>\n\t\t\t\t<section class=\"elementor-section elementor-top-section elementor-element elementor-element-8c599af elementor-section-boxed elementor-section-height-default elementor-section-height-default\" data-id=\"8c599af\" data-element_type=\"section\">\n\t\t\t\t\t\t<div class=\"elementor-container elementor-column-gap-default\">\n\t\t\t\t\t<div class=\"elementor-column elementor-col-50 elementor-top-column elementor-element elementor-element-67b16b9\" data-id=\"67b16b9\" data-element_type=\"column\">\n\t\t\t<div class=\"elementor-widget-wrap elementor-element-populated\">\n\t\t\t\t\t\t<div class=\"elementor-element elementor-element-33a363b elementor-widget elementor-widget-text-editor\" data-id=\"33a363b\" data-element_type=\"widget\" data-widget_type=\"text-editor.default\">\n\t\t\t\t<div class=\"elementor-widget-container\">\n\t\t\t<style>\/*! elementor - v3.20.0 - 11-03-2024 *\/\n.elementor-widget-text-editor.elementor-drop-cap-view-stacked .elementor-drop-cap{background-color:#69727d;color:#fff}.elementor-widget-text-editor.elementor-drop-cap-view-framed .elementor-drop-cap{color:#69727d;border:3px solid;background-color:transparent}.elementor-widget-text-editor:not(.elementor-drop-cap-view-default) .elementor-drop-cap{margin-top:8px}.elementor-widget-text-editor:not(.elementor-drop-cap-view-default) .elementor-drop-cap-letter{width:1em;height:1em}.elementor-widget-text-editor .elementor-drop-cap{float:left;text-align:center;line-height:1;font-size:50px}.elementor-widget-text-editor .elementor-drop-cap-letter{display:inline-block}<\/style>\t\t\t\t<h4>\u00abJes\u00fas subi\u00f3 al monte a orar y llam\u00f3 a sus ap\u00f3stoles.\u00bb<\/h4>\t\t\t\t\t\t<\/div>\n\t\t\t\t<\/div>\n\t\t\t\t\t<\/div>\n\t\t<\/div>\n\t\t\t\t<div class=\"elementor-column elementor-col-50 elementor-top-column elementor-element elementor-element-4a72803\" data-id=\"4a72803\" data-element_type=\"column\">\n\t\t\t<div class=\"elementor-widget-wrap elementor-element-populated\">\n\t\t\t\t\t\t<div class=\"elementor-element elementor-element-958357d elementor-widget elementor-widget-text-editor\" data-id=\"958357d\" data-element_type=\"widget\" data-widget_type=\"text-editor.default\">\n\t\t\t\t<div class=\"elementor-widget-container\">\n\t\t\t\t\t\t\t<h5>CAMPAMENTOS ASOCIACI\u00d3N\u00a0 JUVENIL CORONA<\/h5><h5>SALIDAS Y VIAJES DE LA PARROQUIA<\/h5>\t\t\t\t\t\t<\/div>\n\t\t\t\t<\/div>\n\t\t\t\t\t<\/div>\n\t\t<\/div>\n\t\t\t\t\t<\/div>\n\t\t<\/section>\n\t\t\t\t<\/div>\n\t\t","protected":false},"excerpt":{"rendered":"<p>Actividades de verano \u00abJes\u00fas subi\u00f3 al monte a orar y llam\u00f3 a sus ap\u00f3stoles.\u00bb CAMPAMENTOS ASOCIACI\u00d3N\u00a0 JUVENIL CORONA SALIDAS Y VIAJES DE LA PARROQUIA<\/p>\n","protected":false},"author":8,"featured_media":0,"parent":5356,"menu_order":0,"comment_status":"closed","ping_status":"closed","template":"elementor_theme","meta":{"_monsterinsights_skip_tracking":false,"_monsterinsights_sitenote_active":false,"_monsterinsights_sitenote_note":"","_monsterinsights_sitenote_category":0,"footnotes":""},"rttpg_featured_image_url":null,"rttpg_author":{"display_name":"Alba Arag\u00f3n S\u00e1nchez","author_link":"https:\/\/parroquiasanjorge.es\/?author=8"},"rttpg_comment":0,"rttpg_category":null,"rttpg_excerpt":"Actividades de verano \u00abJes\u00fas subi\u00f3 al monte a orar y llam\u00f3 a sus ap\u00f3stoles.\u00bb CAMPAMENTOS ASOCIACI\u00d3N\u00a0 JUVENIL CORONA SALIDAS Y VIAJES DE LA PARROQUIA","_links":{"self":[{"href":"https:\/\/parroquiasanjorge.es\/index.php?rest_route=\/wp\/v2\/pages\/5419"}],"collection":[{"href":"https:\/\/parroquiasanjorge.es\/index.php?rest_route=\/wp\/v2\/pages"}],"about":[{"href":"https:\/\/parroquiasanjorge.es\/index.php?rest_route=\/wp\/v2\/types\/page"}],"author":[{"embeddable":true,"href":"https:\/\/parroquiasanjorge.es\/index.php?rest_route=\/wp\/v2\/users\/8"}],"replies":[{"embeddable":true,"href":"https:\/\/parroquiasanjorge.es\/index.php?rest_route=%2Fwp%2Fv2%2Fcomments&post=5419"}],"version-history":[{"count":10,"href":"https:\/\/parroquiasanjorge.es\/index.php?rest_route=\/wp\/v2\/pages\/5419\/revisions"}],"predecessor-version":[{"id":5979,"href":"https:\/\/parroquiasanjorge.es\/index.php?rest_route=\/wp\/v2\/pages\/5419\/revisions\/5979"}],"up":[{"embeddable":true,"href":"https:\/\/parroquiasanjorge.es\/index.php?rest_route=\/wp\/v2\/pages\/5356"}],"wp:attachment":[{"href":"https:\/\/parroquiasanjorge.es\/index.php?rest_route=%2Fwp%2Fv2%2Fmedia&parent=5419"}],"curies":[{"name":"wp","href":"https:\/\/api.w.org\/{rel}","templated":true}]}}