{"id":5417,"date":"2021-09-19T20:19:13","date_gmt":"2021-09-19T19:19:13","guid":{"rendered":"https:\/\/parroquiasanjorge.es\/?page_id=5417"},"modified":"2023-09-22T09:41:51","modified_gmt":"2023-09-22T08:41:51","slug":"caridad","status":"publish","type":"page","link":"https:\/\/parroquiasanjorge.es\/?page_id=5417","title":{"rendered":"Caridad"},"content":{"rendered":"\t\t<div data-elementor-type=\"wp-page\" data-elementor-id=\"5417\" class=\"elementor elementor-5417\">\n\t\t\t\t\t\t<section class=\"elementor-section elementor-top-section elementor-element elementor-element-ff68934 elementor-section-full_width elementor-section-height-full elementor-section-stretched elementor-section-height-default elementor-section-items-middle\" data-id=\"ff68934\" data-element_type=\"section\" data-settings=\"{&quot;stretch_section&quot;:&quot;section-stretched&quot;}\">\n\t\t\t\t\t\t<div class=\"elementor-container elementor-column-gap-custom\">\n\t\t\t\t\t<div class=\"elementor-column elementor-col-100 elementor-top-column elementor-element elementor-element-f8e7d52\" data-id=\"f8e7d52\" data-element_type=\"column\">\n\t\t\t<div class=\"elementor-widget-wrap elementor-element-populated\">\n\t\t\t\t\t\t<div class=\"elementor-element elementor-element-7587f8e elementor-widget elementor-widget-image\" data-id=\"7587f8e\" data-element_type=\"widget\" data-widget_type=\"image.default\">\n\t\t\t\t<div class=\"elementor-widget-container\">\n\t\t\t<style>\/*! elementor - v3.20.0 - 11-03-2024 *\/\n.elementor-widget-image{text-align:center}.elementor-widget-image a{display:inline-block}.elementor-widget-image a img[src$=\".svg\"]{width:48px}.elementor-widget-image img{vertical-align:middle;display:inline-block}<\/style>\t\t\t\t\t\t\t\t\t\t<img fetchpriority=\"high\" decoding=\"async\" width=\"1200\" height=\"675\" src=\"https:\/\/parroquiasanjorge.es\/wp-content\/uploads\/2021\/11\/AME.jpg\" class=\"attachment-full size-full wp-image-5768\" alt=\"\" \/>\t\t\t\t\t\t\t\t\t\t\t\t\t<\/div>\n\t\t\t\t<\/div>\n\t\t\t\t\t<\/div>\n\t\t<\/div>\n\t\t\t\t\t<\/div>\n\t\t<\/section>\n\t\t\t\t<section class=\"elementor-section elementor-top-section elementor-element elementor-element-fe4d7e2 elementor-section-full_width elementor-section-height-default elementor-section-height-default\" data-id=\"fe4d7e2\" data-element_type=\"section\">\n\t\t\t\t\t\t<div class=\"elementor-container elementor-column-gap-default\">\n\t\t\t\t\t<div class=\"elementor-column elementor-col-100 elementor-top-column elementor-element elementor-element-8626150\" data-id=\"8626150\" data-element_type=\"column\">\n\t\t\t<div class=\"elementor-widget-wrap elementor-element-populated\">\n\t\t\t\t\t\t<div class=\"elementor-element elementor-element-e2ae9b3 elementor-widget elementor-widget-heading\" data-id=\"e2ae9b3\" data-element_type=\"widget\" data-widget_type=\"heading.default\">\n\t\t\t\t<div class=\"elementor-widget-container\">\n\t\t\t<style>\/*! elementor - v3.20.0 - 11-03-2024 *\/\n.elementor-heading-title{padding:0;margin:0;line-height:1}.elementor-widget-heading .elementor-heading-title[class*=elementor-size-]>a{color:inherit;font-size:inherit;line-height:inherit}.elementor-widget-heading .elementor-heading-title.elementor-size-small{font-size:15px}.elementor-widget-heading .elementor-heading-title.elementor-size-medium{font-size:19px}.elementor-widget-heading .elementor-heading-title.elementor-size-large{font-size:29px}.elementor-widget-heading .elementor-heading-title.elementor-size-xl{font-size:39px}.elementor-widget-heading .elementor-heading-title.elementor-size-xxl{font-size:59px}<\/style><h2 class=\"elementor-heading-title elementor-size-default\">Caridad<\/h2>\t\t<\/div>\n\t\t\t\t<\/div>\n\t\t\t\t\t<\/div>\n\t\t<\/div>\n\t\t\t\t\t<\/div>\n\t\t<\/section>\n\t\t\t\t<section class=\"elementor-section elementor-top-section elementor-element elementor-element-9111c99 elementor-section-boxed elementor-section-height-default elementor-section-height-default\" data-id=\"9111c99\" data-element_type=\"section\">\n\t\t\t\t\t\t<div class=\"elementor-container elementor-column-gap-default\">\n\t\t\t\t\t<div class=\"elementor-column elementor-col-50 elementor-top-column elementor-element elementor-element-c8c80b7\" data-id=\"c8c80b7\" data-element_type=\"column\">\n\t\t\t<div class=\"elementor-widget-wrap elementor-element-populated\">\n\t\t\t\t\t\t<div class=\"elementor-element elementor-element-52a8c41 elementor-widget elementor-widget-text-editor\" data-id=\"52a8c41\" data-element_type=\"widget\" data-widget_type=\"text-editor.default\">\n\t\t\t\t<div class=\"elementor-widget-container\">\n\t\t\t<style>\/*! elementor - v3.20.0 - 11-03-2024 *\/\n.elementor-widget-text-editor.elementor-drop-cap-view-stacked .elementor-drop-cap{background-color:#69727d;color:#fff}.elementor-widget-text-editor.elementor-drop-cap-view-framed .elementor-drop-cap{color:#69727d;border:3px solid;background-color:transparent}.elementor-widget-text-editor:not(.elementor-drop-cap-view-default) .elementor-drop-cap{margin-top:8px}.elementor-widget-text-editor:not(.elementor-drop-cap-view-default) .elementor-drop-cap-letter{width:1em;height:1em}.elementor-widget-text-editor .elementor-drop-cap{float:left;text-align:center;line-height:1;font-size:50px}.elementor-widget-text-editor .elementor-drop-cap-letter{display:inline-block}<\/style>\t\t\t\t<h4>\u00a0<\/h4><h4>\u00abTodo lo que hag\u00e1is a uno de estos mis peque\u00f1os, a m\u00ed me lo hicisteis.\u00bb<\/h4>\t\t\t\t\t\t<\/div>\n\t\t\t\t<\/div>\n\t\t\t\t\t<\/div>\n\t\t<\/div>\n\t\t\t\t<div class=\"elementor-column elementor-col-50 elementor-top-column elementor-element elementor-element-281fbb6\" data-id=\"281fbb6\" data-element_type=\"column\">\n\t\t\t<div class=\"elementor-widget-wrap elementor-element-populated\">\n\t\t\t\t\t\t<div class=\"elementor-element elementor-element-29f06ea elementor-widget elementor-widget-text-editor\" data-id=\"29f06ea\" data-element_type=\"widget\" data-widget_type=\"text-editor.default\">\n\t\t\t\t<div class=\"elementor-widget-container\">\n\t\t\t\t\t\t\t<h5>VOLUNTARIADO CASA ACOGIDA ALCAL\u00c1<\/h5><h5><span style=\"color: var( --e-global-color-text ); font-family: Telex, sans-serif; font-size: 1rem;\">S\u00e1bados de 18:00 a 22:00h<\/span><\/h5><p><span style=\"color: var( --e-global-color-text ); font-size: 1rem;\">Volvemos a la casa de acogida el pr\u00f3ximo s\u00e1bado 7 de octubre.<\/span><\/p><p><span style=\"color: var( --e-global-color-text ); font-size: 1rem;\">Desde hace varios a\u00f1os, San Jorge ayuda en una casa de acogida de gente sin hogar todos los s\u00e1bados. La idea es recibir a esas personas, dar la cena y llevar el amor del Se\u00f1or donde m\u00e1s se necesita. Cada s\u00e1bado vamos un grupo de 4-5 voluntarios y el horario es de 18.30 a 22h aproximadamente.<\/span><\/p><p><span style=\"color: var( --e-global-color-text ); font-size: 1rem;\">Los que quer\u00e1is venir y ser parte del equipo, un\u00edos al grupo:<\/span><\/p>\t\t\t\t\t\t<\/div>\n\t\t\t\t<\/div>\n\t\t\t\t\t<\/div>\n\t\t<\/div>\n\t\t\t\t\t<\/div>\n\t\t<\/section>\n\t\t\t\t<section class=\"elementor-section elementor-top-section elementor-element elementor-element-85f9641 elementor-section-boxed elementor-section-height-default elementor-section-height-default\" data-id=\"85f9641\" data-element_type=\"section\">\n\t\t\t\t\t\t<div class=\"elementor-container elementor-column-gap-default\">\n\t\t\t\t\t<div class=\"elementor-column elementor-col-100 elementor-top-column elementor-element elementor-element-01f50ce\" data-id=\"01f50ce\" data-element_type=\"column\">\n\t\t\t<div class=\"elementor-widget-wrap elementor-element-populated\">\n\t\t\t\t\t\t<div class=\"elementor-element elementor-element-3c04637 elementor-align-right elementor-widget elementor-widget-button\" data-id=\"3c04637\" data-element_type=\"widget\" data-widget_type=\"button.default\">\n\t\t\t\t<div class=\"elementor-widget-container\">\n\t\t\t\t\t<div class=\"elementor-button-wrapper\">\n\t\t\t<a class=\"elementor-button elementor-button-link elementor-size-sm\" href=\"https:\/\/chat.whatsapp.com\/KSs6dKBgh8f7MD7RYYKeO7\">\n\t\t\t\t\t\t<span class=\"elementor-button-content-wrapper\">\n\t\t\t\t\t\t<span class=\"elementor-button-text\">Link al grupo de Whatsapp<\/span>\n\t\t<\/span>\n\t\t\t\t\t<\/a>\n\t\t<\/div>\n\t\t\t\t<\/div>\n\t\t\t\t<\/div>\n\t\t\t\t\t<\/div>\n\t\t<\/div>\n\t\t\t\t\t<\/div>\n\t\t<\/section>\n\t\t\t\t<section class=\"elementor-section elementor-top-section elementor-element elementor-element-65a8d79 elementor-section-boxed elementor-section-height-default elementor-section-height-default\" data-id=\"65a8d79\" data-element_type=\"section\">\n\t\t\t\t\t\t<div class=\"elementor-container elementor-column-gap-default\">\n\t\t\t\t\t<div class=\"elementor-column elementor-col-50 elementor-top-column elementor-element elementor-element-a09f4e4\" data-id=\"a09f4e4\" data-element_type=\"column\">\n\t\t\t<div class=\"elementor-widget-wrap elementor-element-populated\">\n\t\t\t\t\t\t<div class=\"elementor-element elementor-element-581b353 elementor-widget elementor-widget-text-editor\" data-id=\"581b353\" data-element_type=\"widget\" data-widget_type=\"text-editor.default\">\n\t\t\t\t<div class=\"elementor-widget-container\">\n\t\t\t\t\t\t\t\t\t\t\t\t\t<\/div>\n\t\t\t\t<\/div>\n\t\t\t\t\t<\/div>\n\t\t<\/div>\n\t\t\t\t<div class=\"elementor-column elementor-col-50 elementor-top-column elementor-element elementor-element-7e1f110\" data-id=\"7e1f110\" data-element_type=\"column\">\n\t\t\t<div class=\"elementor-widget-wrap elementor-element-populated\">\n\t\t\t\t\t\t<div class=\"elementor-element elementor-element-c5f647c elementor-widget elementor-widget-text-editor\" data-id=\"c5f647c\" data-element_type=\"widget\" data-widget_type=\"text-editor.default\">\n\t\t\t\t<div class=\"elementor-widget-container\">\n\t\t\t\t\t\t\t<h5><br><\/h5><h5>VOLUNTARIADO TARDE DE MAYORES<\/h5>\n<h5><span style=\"color: var( --e-global-color-text ); font-family: Telex, sans-serif; font-size: 1rem;\">Mi\u00e9rcoles de 17:00 a 19:00h<\/span><\/h5>\n<p>Colabora con la tarea de acompa\u00f1amiento a nuestros mayores.<\/p>\t\t\t\t\t\t<\/div>\n\t\t\t\t<\/div>\n\t\t\t\t\t<\/div>\n\t\t<\/div>\n\t\t\t\t\t<\/div>\n\t\t<\/section>\n\t\t\t\t<\/div>\n\t\t","protected":false},"excerpt":{"rendered":"<p>Caridad \u00a0 \u00abTodo lo que hag\u00e1is a uno de estos mis peque\u00f1os, a m\u00ed me lo hicisteis.\u00bb VOLUNTARIADO CASA ACOGIDA ALCAL\u00c1 S\u00e1bados de 18:00 a 22:00h Volvemos&hellip;<\/p>\n","protected":false},"author":8,"featured_media":0,"parent":5356,"menu_order":0,"comment_status":"closed","ping_status":"closed","template":"elementor_theme","meta":{"_monsterinsights_skip_tracking":false,"_monsterinsights_sitenote_active":false,"_monsterinsights_sitenote_note":"","_monsterinsights_sitenote_category":0,"footnotes":""},"rttpg_featured_image_url":null,"rttpg_author":{"display_name":"Alba Arag\u00f3n S\u00e1nchez","author_link":"https:\/\/parroquiasanjorge.es\/?author=8"},"rttpg_comment":0,"rttpg_category":null,"rttpg_excerpt":"Caridad \u00a0 \u00abTodo lo que hag\u00e1is a uno de estos mis peque\u00f1os, a m\u00ed me lo hicisteis.\u00bb VOLUNTARIADO CASA ACOGIDA ALCAL\u00c1 S\u00e1bados de 18:00 a 22:00h Volvemos&hellip;","_links":{"self":[{"href":"https:\/\/parroquiasanjorge.es\/index.php?rest_route=\/wp\/v2\/pages\/5417"}],"collection":[{"href":"https:\/\/parroquiasanjorge.es\/index.php?rest_route=\/wp\/v2\/pages"}],"about":[{"href":"https:\/\/parroquiasanjorge.es\/index.php?rest_route=\/wp\/v2\/types\/page"}],"author":[{"embeddable":true,"href":"https:\/\/parroquiasanjorge.es\/index.php?rest_route=\/wp\/v2\/users\/8"}],"replies":[{"embeddable":true,"href":"https:\/\/parroquiasanjorge.es\/index.php?rest_route=%2Fwp%2Fv2%2Fcomments&post=5417"}],"version-history":[{"count":31,"href":"https:\/\/parroquiasanjorge.es\/index.php?rest_route=\/wp\/v2\/pages\/5417\/revisions"}],"predecessor-version":[{"id":6467,"href":"https:\/\/parroquiasanjorge.es\/index.php?rest_route=\/wp\/v2\/pages\/5417\/revisions\/6467"}],"up":[{"embeddable":true,"href":"https:\/\/parroquiasanjorge.es\/index.php?rest_route=\/wp\/v2\/pages\/5356"}],"wp:attachment":[{"href":"https:\/\/parroquiasanjorge.es\/index.php?rest_route=%2Fwp%2Fv2%2Fmedia&parent=5417"}],"curies":[{"name":"wp","href":"https:\/\/api.w.org\/{rel}","templated":true}]}}