{"id":5415,"date":"2021-09-19T20:18:11","date_gmt":"2021-09-19T19:18:11","guid":{"rendered":"https:\/\/parroquiasanjorge.es\/?page_id=5415"},"modified":"2023-09-22T09:20:53","modified_gmt":"2023-09-22T08:20:53","slug":"jovenes-y-adultos","status":"publish","type":"page","link":"https:\/\/parroquiasanjorge.es\/?page_id=5415","title":{"rendered":"J\u00f3venes y adultos"},"content":{"rendered":"\t\t<div data-elementor-type=\"wp-page\" data-elementor-id=\"5415\" class=\"elementor elementor-5415\">\n\t\t\t\t\t\t<section class=\"elementor-section elementor-top-section elementor-element elementor-element-ff68934 elementor-section-full_width elementor-section-height-full elementor-section-stretched elementor-section-height-default elementor-section-items-middle\" data-id=\"ff68934\" data-element_type=\"section\" data-settings=\"{&quot;stretch_section&quot;:&quot;section-stretched&quot;}\">\n\t\t\t\t\t\t<div class=\"elementor-container elementor-column-gap-custom\">\n\t\t\t\t\t<div class=\"elementor-column elementor-col-100 elementor-top-column elementor-element elementor-element-f8e7d52\" data-id=\"f8e7d52\" data-element_type=\"column\">\n\t\t\t<div class=\"elementor-widget-wrap elementor-element-populated\">\n\t\t\t\t\t\t<div class=\"elementor-element elementor-element-7587f8e elementor-widget elementor-widget-image\" data-id=\"7587f8e\" data-element_type=\"widget\" data-widget_type=\"image.default\">\n\t\t\t\t<div class=\"elementor-widget-container\">\n\t\t\t<style>\/*! elementor - v3.20.0 - 11-03-2024 *\/\n.elementor-widget-image{text-align:center}.elementor-widget-image a{display:inline-block}.elementor-widget-image a img[src$=\".svg\"]{width:48px}.elementor-widget-image img{vertical-align:middle;display:inline-block}<\/style>\t\t\t\t\t\t\t\t\t\t<img fetchpriority=\"high\" decoding=\"async\" width=\"1600\" height=\"1200\" src=\"https:\/\/parroquiasanjorge.es\/wp-content\/uploads\/2021\/09\/WhatsApp-Image-2021-09-20-at-09.04.05.jpeg\" class=\"attachment-full size-full wp-image-5443\" alt=\"\" \/>\t\t\t\t\t\t\t\t\t\t\t\t\t<\/div>\n\t\t\t\t<\/div>\n\t\t\t\t\t<\/div>\n\t\t<\/div>\n\t\t\t\t\t<\/div>\n\t\t<\/section>\n\t\t\t\t<section class=\"elementor-section elementor-top-section elementor-element elementor-element-55b9100 elementor-section-full_width elementor-section-height-default elementor-section-height-default\" data-id=\"55b9100\" data-element_type=\"section\">\n\t\t\t\t\t\t<div class=\"elementor-container elementor-column-gap-default\">\n\t\t\t\t\t<div class=\"elementor-column elementor-col-100 elementor-top-column elementor-element elementor-element-62a2c77\" data-id=\"62a2c77\" data-element_type=\"column\">\n\t\t\t<div class=\"elementor-widget-wrap elementor-element-populated\">\n\t\t\t\t\t\t<div class=\"elementor-element elementor-element-9bf4615 elementor-widget elementor-widget-heading\" data-id=\"9bf4615\" data-element_type=\"widget\" data-widget_type=\"heading.default\">\n\t\t\t\t<div class=\"elementor-widget-container\">\n\t\t\t<style>\/*! elementor - v3.20.0 - 11-03-2024 *\/\n.elementor-heading-title{padding:0;margin:0;line-height:1}.elementor-widget-heading .elementor-heading-title[class*=elementor-size-]>a{color:inherit;font-size:inherit;line-height:inherit}.elementor-widget-heading .elementor-heading-title.elementor-size-small{font-size:15px}.elementor-widget-heading .elementor-heading-title.elementor-size-medium{font-size:19px}.elementor-widget-heading .elementor-heading-title.elementor-size-large{font-size:29px}.elementor-widget-heading .elementor-heading-title.elementor-size-xl{font-size:39px}.elementor-widget-heading .elementor-heading-title.elementor-size-xxl{font-size:59px}<\/style><h2 class=\"elementor-heading-title elementor-size-default\"><br>J\u00f3venes y adultos<\/h2>\t\t<\/div>\n\t\t\t\t<\/div>\n\t\t\t\t\t<\/div>\n\t\t<\/div>\n\t\t\t\t\t<\/div>\n\t\t<\/section>\n\t\t\t\t<section class=\"elementor-section elementor-top-section elementor-element elementor-element-66e20d8 elementor-section-boxed elementor-section-height-default elementor-section-height-default\" data-id=\"66e20d8\" data-element_type=\"section\">\n\t\t\t\t\t\t<div class=\"elementor-container elementor-column-gap-default\">\n\t\t\t\t\t<div class=\"elementor-column elementor-col-50 elementor-top-column elementor-element elementor-element-9ec7feb\" data-id=\"9ec7feb\" data-element_type=\"column\">\n\t\t\t<div class=\"elementor-widget-wrap elementor-element-populated\">\n\t\t\t\t\t\t<div class=\"elementor-element elementor-element-1b8c8dc elementor-hidden-mobile elementor-widget elementor-widget-text-editor\" data-id=\"1b8c8dc\" data-element_type=\"widget\" data-widget_type=\"text-editor.default\">\n\t\t\t\t<div class=\"elementor-widget-container\">\n\t\t\t<style>\/*! elementor - v3.20.0 - 11-03-2024 *\/\n.elementor-widget-text-editor.elementor-drop-cap-view-stacked .elementor-drop-cap{background-color:#69727d;color:#fff}.elementor-widget-text-editor.elementor-drop-cap-view-framed .elementor-drop-cap{color:#69727d;border:3px solid;background-color:transparent}.elementor-widget-text-editor:not(.elementor-drop-cap-view-default) .elementor-drop-cap{margin-top:8px}.elementor-widget-text-editor:not(.elementor-drop-cap-view-default) .elementor-drop-cap-letter{width:1em;height:1em}.elementor-widget-text-editor .elementor-drop-cap{float:left;text-align:center;line-height:1;font-size:50px}.elementor-widget-text-editor .elementor-drop-cap-letter{display:inline-block}<\/style>\t\t\t\t<h4>&nbsp;<\/h4>\n<h4>\u00abViv\u00edan unidos y lo ten\u00edan todo en com\u00fan.\u00bb<\/h4>\n<div>&nbsp;<\/div>\n<div>&nbsp;<\/div>\n<div>&nbsp;<\/div>\n<div>&nbsp;<\/div>\n<h4>\u00abSomos luz del mundo y sal de la tierra.\u00bb<\/h4>\n<div>&nbsp;<\/div>\n<div>&nbsp;<\/div>\n<div>&nbsp;<\/div>\n<h4>\u00abQu\u00e9date con nosotros.\u00bb<\/h4>\n<div><br><\/div>\n<div><br><\/div>\n<div>&nbsp;<\/div>\n<h4>\u00abMe he hecho todo a todos para salvar a toda costa a algunos.\u00bb<\/h4>\n<div>&nbsp;<\/div>\n<h4>\u00abSer\u00e1n&nbsp; una sola carne.\u00bb<\/h4>\n<div><br><\/div>\n<div>\n<h4 style=\"margin-top: 50px; margin-bottom: 1rem;\">\u00abPermaneced en mi amor\u00bb<\/h4>\n<\/div>\n<div><br><\/div>\n<h4><span style=\"text-align: justify;\">\u00abHacia un renovado Pentecost\u00e9s\u00bb<\/span><\/h4>\t\t\t\t\t\t<\/div>\n\t\t\t\t<\/div>\n\t\t\t\t\t<\/div>\n\t\t<\/div>\n\t\t\t\t<div class=\"elementor-column elementor-col-50 elementor-top-column elementor-element elementor-element-779b01e\" data-id=\"779b01e\" data-element_type=\"column\">\n\t\t\t<div class=\"elementor-widget-wrap elementor-element-populated\">\n\t\t\t\t\t\t<div class=\"elementor-element elementor-element-8f89e5c elementor-widget elementor-widget-text-editor\" data-id=\"8f89e5c\" data-element_type=\"widget\" data-widget_type=\"text-editor.default\">\n\t\t\t\t<div class=\"elementor-widget-container\">\n\t\t\t\t\t\t\t<h5>GRUPO DE J\u00d3VENES<\/h5><p>JUEVES a las 20:30h<\/p><p>Si eres joven universitario o trabajador, ponte en contacto con nosotros.<\/p><p>En el grupo de j\u00f3venes buscamos seguir creciendo en la fe para ser testigos de Cristo en medio del mundo.<\/p><p>\u00a0<\/p><h5>GRUPOS DE ADULTOS Y MATRIMONIOS<\/h5><p>Viernes\u00a0 de 21:00 a 22:30<\/p><p>En la parroquia hay diferentes grupos de adultos y matrimonios. Ponte en contacto con nosotros si quieres formar parte de esta gran familia.<\/p><h5>GRUPO EMA\u00daS MUJERES<\/h5><p>Martes de 19:00 a 20:30<\/p><h5>GRUPO EMA\u00daS HOMBRES<\/h5><p>Mi\u00e9rcoles de 21:00 a 22:30<\/p><h5><strong>\u00a0<\/strong>ULTREYA CURSILLOS DE CRISTIANDAD\u00a0<\/h5><p>Lunes de 19:30 a 21:00<\/p><h5>GRUPO DE MATRIMONIOS PROYECTO AMOR CONYUGAL<\/h5><p>Tenemos varios grupos de Proyecto Amor Conyugal. Pregunta a los sacerdotes para ver cu\u00e1l se adapta mejor.<\/p><h5>GRUPO\u00a0TARDES DE MAYORES<\/h5><p>Mi\u00e9rcoles de 17:00 a 19:00h. Ap\u00fantate para seguir el crecimiento espiritual en la ancianidad.<\/p><h5>GRUPO\u00a0ACCI\u00d3N\u00a0 CAT\u00d3LICA<\/h5><p>Mi\u00e9rcoles de 11:30 a 12:00<\/p>\t\t\t\t\t\t<\/div>\n\t\t\t\t<\/div>\n\t\t\t\t\t<\/div>\n\t\t<\/div>\n\t\t\t\t\t<\/div>\n\t\t<\/section>\n\t\t\t\t<\/div>\n\t\t","protected":false},"excerpt":{"rendered":"<p>J\u00f3venes y adultos &nbsp; \u00abViv\u00edan unidos y lo ten\u00edan todo en com\u00fan.\u00bb &nbsp; &nbsp; &nbsp; &nbsp; \u00abSomos luz del mundo y sal de la tierra.\u00bb &nbsp; &nbsp;&hellip;<\/p>\n","protected":false},"author":8,"featured_media":0,"parent":5356,"menu_order":0,"comment_status":"closed","ping_status":"closed","template":"elementor_theme","meta":{"_monsterinsights_skip_tracking":false,"_monsterinsights_sitenote_active":false,"_monsterinsights_sitenote_note":"","_monsterinsights_sitenote_category":0,"footnotes":""},"rttpg_featured_image_url":null,"rttpg_author":{"display_name":"Alba Arag\u00f3n S\u00e1nchez","author_link":"https:\/\/parroquiasanjorge.es\/?author=8"},"rttpg_comment":0,"rttpg_category":null,"rttpg_excerpt":"J\u00f3venes y adultos &nbsp; \u00abViv\u00edan unidos y lo ten\u00edan todo en com\u00fan.\u00bb &nbsp; &nbsp; &nbsp; &nbsp; \u00abSomos luz del mundo y sal de la tierra.\u00bb &nbsp; &nbsp;&hellip;","_links":{"self":[{"href":"https:\/\/parroquiasanjorge.es\/index.php?rest_route=\/wp\/v2\/pages\/5415"}],"collection":[{"href":"https:\/\/parroquiasanjorge.es\/index.php?rest_route=\/wp\/v2\/pages"}],"about":[{"href":"https:\/\/parroquiasanjorge.es\/index.php?rest_route=\/wp\/v2\/types\/page"}],"author":[{"embeddable":true,"href":"https:\/\/parroquiasanjorge.es\/index.php?rest_route=\/wp\/v2\/users\/8"}],"replies":[{"embeddable":true,"href":"https:\/\/parroquiasanjorge.es\/index.php?rest_route=%2Fwp%2Fv2%2Fcomments&post=5415"}],"version-history":[{"count":40,"href":"https:\/\/parroquiasanjorge.es\/index.php?rest_route=\/wp\/v2\/pages\/5415\/revisions"}],"predecessor-version":[{"id":6456,"href":"https:\/\/parroquiasanjorge.es\/index.php?rest_route=\/wp\/v2\/pages\/5415\/revisions\/6456"}],"up":[{"embeddable":true,"href":"https:\/\/parroquiasanjorge.es\/index.php?rest_route=\/wp\/v2\/pages\/5356"}],"wp:attachment":[{"href":"https:\/\/parroquiasanjorge.es\/index.php?rest_route=%2Fwp%2Fv2%2Fmedia&parent=5415"}],"curies":[{"name":"wp","href":"https:\/\/api.w.org\/{rel}","templated":true}]}}