{"id":5401,"date":"2021-09-19T20:05:01","date_gmt":"2021-09-19T19:05:01","guid":{"rendered":"https:\/\/parroquiasanjorge.es\/?page_id=5401"},"modified":"2023-01-21T18:33:33","modified_gmt":"2023-01-21T17:33:33","slug":"matrimonio","status":"publish","type":"page","link":"https:\/\/parroquiasanjorge.es\/?page_id=5401","title":{"rendered":"Matrimonio"},"content":{"rendered":"\t\t<div data-elementor-type=\"wp-page\" data-elementor-id=\"5401\" class=\"elementor elementor-5401\">\n\t\t\t\t\t\t<section class=\"elementor-section elementor-top-section elementor-element elementor-element-ff68934 elementor-section-full_width elementor-section-height-full elementor-section-stretched elementor-section-height-default elementor-section-items-middle\" data-id=\"ff68934\" data-element_type=\"section\" data-settings=\"{&quot;stretch_section&quot;:&quot;section-stretched&quot;}\">\n\t\t\t\t\t\t<div class=\"elementor-container elementor-column-gap-custom\">\n\t\t\t\t\t<div class=\"elementor-column elementor-col-100 elementor-top-column elementor-element elementor-element-f8e7d52\" data-id=\"f8e7d52\" data-element_type=\"column\">\n\t\t\t<div class=\"elementor-widget-wrap elementor-element-populated\">\n\t\t\t\t\t\t<div class=\"elementor-element elementor-element-7587f8e elementor-widget elementor-widget-image\" data-id=\"7587f8e\" data-element_type=\"widget\" data-widget_type=\"image.default\">\n\t\t\t\t<div class=\"elementor-widget-container\">\n\t\t\t<style>\/*! elementor - v3.20.0 - 11-03-2024 *\/\n.elementor-widget-image{text-align:center}.elementor-widget-image a{display:inline-block}.elementor-widget-image a img[src$=\".svg\"]{width:48px}.elementor-widget-image img{vertical-align:middle;display:inline-block}<\/style>\t\t\t\t\t\t\t\t\t\t<img fetchpriority=\"high\" decoding=\"async\" width=\"2560\" height=\"1709\" src=\"https:\/\/parroquiasanjorge.es\/wp-content\/uploads\/2021\/09\/3.6_matrimonio-scaled.jpg\" class=\"attachment-full size-full wp-image-5361\" alt=\"\" \/>\t\t\t\t\t\t\t\t\t\t\t\t\t<\/div>\n\t\t\t\t<\/div>\n\t\t\t\t\t<\/div>\n\t\t<\/div>\n\t\t\t\t\t<\/div>\n\t\t<\/section>\n\t\t\t\t<section class=\"elementor-section elementor-top-section elementor-element elementor-element-fe4d7e2 elementor-section-full_width elementor-section-height-default elementor-section-height-default\" data-id=\"fe4d7e2\" data-element_type=\"section\">\n\t\t\t\t\t\t<div class=\"elementor-container elementor-column-gap-default\">\n\t\t\t\t\t<div class=\"elementor-column elementor-col-100 elementor-top-column elementor-element elementor-element-8626150\" data-id=\"8626150\" data-element_type=\"column\">\n\t\t\t<div class=\"elementor-widget-wrap elementor-element-populated\">\n\t\t\t\t\t\t<div class=\"elementor-element elementor-element-e2ae9b3 elementor-widget elementor-widget-heading\" data-id=\"e2ae9b3\" data-element_type=\"widget\" data-widget_type=\"heading.default\">\n\t\t\t\t<div class=\"elementor-widget-container\">\n\t\t\t<style>\/*! elementor - v3.20.0 - 11-03-2024 *\/\n.elementor-heading-title{padding:0;margin:0;line-height:1}.elementor-widget-heading .elementor-heading-title[class*=elementor-size-]>a{color:inherit;font-size:inherit;line-height:inherit}.elementor-widget-heading .elementor-heading-title.elementor-size-small{font-size:15px}.elementor-widget-heading .elementor-heading-title.elementor-size-medium{font-size:19px}.elementor-widget-heading .elementor-heading-title.elementor-size-large{font-size:29px}.elementor-widget-heading .elementor-heading-title.elementor-size-xl{font-size:39px}.elementor-widget-heading .elementor-heading-title.elementor-size-xxl{font-size:59px}<\/style><h2 class=\"elementor-heading-title elementor-size-default\">Matrimonio<\/h2>\t\t<\/div>\n\t\t\t\t<\/div>\n\t\t\t\t\t<\/div>\n\t\t<\/div>\n\t\t\t\t\t<\/div>\n\t\t<\/section>\n\t\t\t\t<section class=\"elementor-section elementor-top-section elementor-element elementor-element-84b3b30 elementor-section-boxed elementor-section-height-default elementor-section-height-default\" data-id=\"84b3b30\" data-element_type=\"section\">\n\t\t\t\t\t\t<div class=\"elementor-container elementor-column-gap-default\">\n\t\t\t\t\t<div class=\"elementor-column elementor-col-50 elementor-top-column elementor-element elementor-element-4d5f138\" data-id=\"4d5f138\" data-element_type=\"column\">\n\t\t\t<div class=\"elementor-widget-wrap elementor-element-populated\">\n\t\t\t\t\t\t<div class=\"elementor-element elementor-element-b379f9e elementor-widget elementor-widget-text-editor\" data-id=\"b379f9e\" data-element_type=\"widget\" data-widget_type=\"text-editor.default\">\n\t\t\t\t<div class=\"elementor-widget-container\">\n\t\t\t<style>\/*! elementor - v3.20.0 - 11-03-2024 *\/\n.elementor-widget-text-editor.elementor-drop-cap-view-stacked .elementor-drop-cap{background-color:#69727d;color:#fff}.elementor-widget-text-editor.elementor-drop-cap-view-framed .elementor-drop-cap{color:#69727d;border:3px solid;background-color:transparent}.elementor-widget-text-editor:not(.elementor-drop-cap-view-default) .elementor-drop-cap{margin-top:8px}.elementor-widget-text-editor:not(.elementor-drop-cap-view-default) .elementor-drop-cap-letter{width:1em;height:1em}.elementor-widget-text-editor .elementor-drop-cap{float:left;text-align:center;line-height:1;font-size:50px}.elementor-widget-text-editor .elementor-drop-cap-letter{display:inline-block}<\/style>\t\t\t\t<h4>\u00a0<\/h4><h4>\u00a0<\/h4><h4>\u00abLo que permite a los esposos permanecer unidos en el matrimonio es un amor de donaci\u00f3n rec\u00edproca sostenido por la gracia de Cristo\u00bb\u00a0<\/h4><h4>(Papa Francisco)<\/h4>\t\t\t\t\t\t<\/div>\n\t\t\t\t<\/div>\n\t\t\t\t\t<\/div>\n\t\t<\/div>\n\t\t\t\t<div class=\"elementor-column elementor-col-50 elementor-top-column elementor-element elementor-element-3100b7c\" data-id=\"3100b7c\" data-element_type=\"column\">\n\t\t\t<div class=\"elementor-widget-wrap elementor-element-populated\">\n\t\t\t\t\t\t<div class=\"elementor-element elementor-element-49cbc11 elementor-widget elementor-widget-text-editor\" data-id=\"49cbc11\" data-element_type=\"widget\" data-widget_type=\"text-editor.default\">\n\t\t\t\t<div class=\"elementor-widget-container\">\n\t\t\t\t\t\t\t<h5>NOS QUEREMOS CASAR EN LA PARROQUIA<\/h5>\n<p>Si ten\u00e9is el deseo de contraer matrimonio en la parroquia, ten\u00e9is que reservar fecha y hora de la celebraci\u00f3n en el Despacho Parroquial.<\/p>\n<h6><span style=\"color: rgb(26, 26, 26); font-family: Poppins, -apple-system, BlinkMacSystemFont, &quot;Segoe UI&quot;, Roboto, &quot;Helvetica Neue&quot;, Arial, sans-serif, &quot;Apple Color Emoji&quot;, &quot;Segoe UI Emoji&quot;, &quot;Segoe UI Symbol&quot;, &quot;Noto Color Emoji&quot;; font-size: 1rem;\">En la Parroquia no se organizan Cursos Prematrimoniales.<\/span><\/h6>\n<h5>EXPEDIENTE MATRIMONIAL<\/h5>\n<p>Si el expediente se realiza en San Jorge, porque alguno de los contrayentes resida en el territorio parroquial, lo primero para poder hacerlo es reunir los documentos necesarios:<\/p>\n<ul>\n<li>Partidas de bautismo (se expiden en la parroquia donde fueron bautizados). Tienen una validez de 6 meses, y tienen que estar en vigor el d\u00eda de la boda. Si alguno de los contrayentes estuviera bautizado fuera de la di\u00f3cesis donde se realiza el expediente, la partida ha de llevar un sello del obispado de origen.<\/li>\n<li>Certificado de nacimiento (en el Registro Civil)<\/li>\n<li>Fe de Vida y Estado (en el Registro Civil)<\/li>\n<li>Fotocopias DNI<\/li>\n<li>Certificado del Cursillo de Novios (Cursillos de novios en www.delfam.es)<\/li>\n<\/ul>\n<p>Una vez reunidos estos documentos, los novios acordar\u00e1n una cita en la parroquia con el sacerdote, para formalizar el expediente, trayendo toda la documentaci\u00f3n y acompa\u00f1ados de dos testigos (no familiares directos).<\/p>\n<p><\/p>\t\t\t\t\t\t<\/div>\n\t\t\t\t<\/div>\n\t\t\t\t\t<\/div>\n\t\t<\/div>\n\t\t\t\t\t<\/div>\n\t\t<\/section>\n\t\t\t\t<\/div>\n\t\t","protected":false},"excerpt":{"rendered":"<p>Matrimonio \u00a0 \u00a0 \u00abLo que permite a los esposos permanecer unidos en el matrimonio es un amor de donaci\u00f3n rec\u00edproca sostenido por la gracia de Cristo\u00bb\u00a0 (Papa&hellip;<\/p>\n","protected":false},"author":8,"featured_media":0,"parent":5386,"menu_order":0,"comment_status":"closed","ping_status":"closed","template":"elementor_theme","meta":{"_monsterinsights_skip_tracking":false,"_monsterinsights_sitenote_active":false,"_monsterinsights_sitenote_note":"","_monsterinsights_sitenote_category":0,"footnotes":""},"rttpg_featured_image_url":null,"rttpg_author":{"display_name":"Alba Arag\u00f3n S\u00e1nchez","author_link":"https:\/\/parroquiasanjorge.es\/?author=8"},"rttpg_comment":0,"rttpg_category":null,"rttpg_excerpt":"Matrimonio \u00a0 \u00a0 \u00abLo que permite a los esposos permanecer unidos en el matrimonio es un amor de donaci\u00f3n rec\u00edproca sostenido por la gracia de Cristo\u00bb\u00a0 (Papa&hellip;","_links":{"self":[{"href":"https:\/\/parroquiasanjorge.es\/index.php?rest_route=\/wp\/v2\/pages\/5401"}],"collection":[{"href":"https:\/\/parroquiasanjorge.es\/index.php?rest_route=\/wp\/v2\/pages"}],"about":[{"href":"https:\/\/parroquiasanjorge.es\/index.php?rest_route=\/wp\/v2\/types\/page"}],"author":[{"embeddable":true,"href":"https:\/\/parroquiasanjorge.es\/index.php?rest_route=\/wp\/v2\/users\/8"}],"replies":[{"embeddable":true,"href":"https:\/\/parroquiasanjorge.es\/index.php?rest_route=%2Fwp%2Fv2%2Fcomments&post=5401"}],"version-history":[{"count":22,"href":"https:\/\/parroquiasanjorge.es\/index.php?rest_route=\/wp\/v2\/pages\/5401\/revisions"}],"predecessor-version":[{"id":6274,"href":"https:\/\/parroquiasanjorge.es\/index.php?rest_route=\/wp\/v2\/pages\/5401\/revisions\/6274"}],"up":[{"embeddable":true,"href":"https:\/\/parroquiasanjorge.es\/index.php?rest_route=\/wp\/v2\/pages\/5386"}],"wp:attachment":[{"href":"https:\/\/parroquiasanjorge.es\/index.php?rest_route=%2Fwp%2Fv2%2Fmedia&parent=5401"}],"curies":[{"name":"wp","href":"https:\/\/api.w.org\/{rel}","templated":true}]}}