{"id":5395,"date":"2021-09-19T20:03:38","date_gmt":"2021-09-19T19:03:38","guid":{"rendered":"https:\/\/parroquiasanjorge.es\/?page_id=5395"},"modified":"2023-03-06T20:47:51","modified_gmt":"2023-03-06T19:47:51","slug":"eucaristia","status":"publish","type":"page","link":"https:\/\/parroquiasanjorge.es\/?page_id=5395","title":{"rendered":"Eucarist\u00eda"},"content":{"rendered":"\t\t<div data-elementor-type=\"wp-page\" data-elementor-id=\"5395\" class=\"elementor elementor-5395\">\n\t\t\t\t\t\t<section class=\"elementor-section elementor-top-section elementor-element elementor-element-ff68934 elementor-section-full_width elementor-section-height-full elementor-section-stretched elementor-section-height-default elementor-section-items-middle\" data-id=\"ff68934\" data-element_type=\"section\" data-settings=\"{&quot;stretch_section&quot;:&quot;section-stretched&quot;}\">\n\t\t\t\t\t\t<div class=\"elementor-container elementor-column-gap-custom\">\n\t\t\t\t\t<div class=\"elementor-column elementor-col-100 elementor-top-column elementor-element elementor-element-f8e7d52\" data-id=\"f8e7d52\" data-element_type=\"column\">\n\t\t\t<div class=\"elementor-widget-wrap elementor-element-populated\">\n\t\t\t\t\t\t<div class=\"elementor-element elementor-element-7587f8e elementor-widget elementor-widget-image\" data-id=\"7587f8e\" data-element_type=\"widget\" data-widget_type=\"image.default\">\n\t\t\t\t<div class=\"elementor-widget-container\">\n\t\t\t<style>\/*! elementor - v3.20.0 - 11-03-2024 *\/\n.elementor-widget-image{text-align:center}.elementor-widget-image a{display:inline-block}.elementor-widget-image a img[src$=\".svg\"]{width:48px}.elementor-widget-image img{vertical-align:middle;display:inline-block}<\/style>\t\t\t\t\t\t\t\t\t\t<img fetchpriority=\"high\" decoding=\"async\" width=\"1024\" height=\"768\" src=\"https:\/\/parroquiasanjorge.es\/wp-content\/uploads\/2021\/11\/Eucaristia-2-1.jpeg\" class=\"attachment-full size-full wp-image-5688\" alt=\"\" \/>\t\t\t\t\t\t\t\t\t\t\t\t\t<\/div>\n\t\t\t\t<\/div>\n\t\t\t\t\t<\/div>\n\t\t<\/div>\n\t\t\t\t\t<\/div>\n\t\t<\/section>\n\t\t\t\t<section class=\"elementor-section elementor-top-section elementor-element elementor-element-fe4d7e2 elementor-section-full_width elementor-section-height-default elementor-section-height-default\" data-id=\"fe4d7e2\" data-element_type=\"section\">\n\t\t\t\t\t\t<div class=\"elementor-container elementor-column-gap-default\">\n\t\t\t\t\t<div class=\"elementor-column elementor-col-100 elementor-top-column elementor-element elementor-element-8626150\" data-id=\"8626150\" data-element_type=\"column\">\n\t\t\t<div class=\"elementor-widget-wrap elementor-element-populated\">\n\t\t\t\t\t\t<div class=\"elementor-element elementor-element-e2ae9b3 elementor-widget elementor-widget-heading\" data-id=\"e2ae9b3\" data-element_type=\"widget\" data-widget_type=\"heading.default\">\n\t\t\t\t<div class=\"elementor-widget-container\">\n\t\t\t<style>\/*! elementor - v3.20.0 - 11-03-2024 *\/\n.elementor-heading-title{padding:0;margin:0;line-height:1}.elementor-widget-heading .elementor-heading-title[class*=elementor-size-]>a{color:inherit;font-size:inherit;line-height:inherit}.elementor-widget-heading .elementor-heading-title.elementor-size-small{font-size:15px}.elementor-widget-heading .elementor-heading-title.elementor-size-medium{font-size:19px}.elementor-widget-heading .elementor-heading-title.elementor-size-large{font-size:29px}.elementor-widget-heading .elementor-heading-title.elementor-size-xl{font-size:39px}.elementor-widget-heading .elementor-heading-title.elementor-size-xxl{font-size:59px}<\/style><h2 class=\"elementor-heading-title elementor-size-default\"><br><br>Eucarist\u00eda<\/h2>\t\t<\/div>\n\t\t\t\t<\/div>\n\t\t\t\t\t<\/div>\n\t\t<\/div>\n\t\t\t\t\t<\/div>\n\t\t<\/section>\n\t\t\t\t<section class=\"elementor-section elementor-top-section elementor-element elementor-element-63d7c94 elementor-section-boxed elementor-section-height-default elementor-section-height-default\" data-id=\"63d7c94\" data-element_type=\"section\">\n\t\t\t\t\t\t<div class=\"elementor-container elementor-column-gap-default\">\n\t\t\t\t\t<div class=\"elementor-column elementor-col-100 elementor-top-column elementor-element elementor-element-d5bfe07\" data-id=\"d5bfe07\" data-element_type=\"column\">\n\t\t\t<div class=\"elementor-widget-wrap elementor-element-populated\">\n\t\t\t\t\t\t\t<\/div>\n\t\t<\/div>\n\t\t\t\t\t<\/div>\n\t\t<\/section>\n\t\t\t\t<section class=\"elementor-section elementor-top-section elementor-element elementor-element-84b3b30 elementor-section-boxed elementor-section-height-default elementor-section-height-default\" data-id=\"84b3b30\" data-element_type=\"section\">\n\t\t\t\t\t\t<div class=\"elementor-container elementor-column-gap-default\">\n\t\t\t\t\t<div class=\"elementor-column elementor-col-50 elementor-top-column elementor-element elementor-element-4d5f138\" data-id=\"4d5f138\" data-element_type=\"column\">\n\t\t\t<div class=\"elementor-widget-wrap elementor-element-populated\">\n\t\t\t\t\t\t<div class=\"elementor-element elementor-element-8f51fc8 elementor-widget elementor-widget-text-editor\" data-id=\"8f51fc8\" data-element_type=\"widget\" data-widget_type=\"text-editor.default\">\n\t\t\t\t<div class=\"elementor-widget-container\">\n\t\t\t<style>\/*! elementor - v3.20.0 - 11-03-2024 *\/\n.elementor-widget-text-editor.elementor-drop-cap-view-stacked .elementor-drop-cap{background-color:#69727d;color:#fff}.elementor-widget-text-editor.elementor-drop-cap-view-framed .elementor-drop-cap{color:#69727d;border:3px solid;background-color:transparent}.elementor-widget-text-editor:not(.elementor-drop-cap-view-default) .elementor-drop-cap{margin-top:8px}.elementor-widget-text-editor:not(.elementor-drop-cap-view-default) .elementor-drop-cap-letter{width:1em;height:1em}.elementor-widget-text-editor .elementor-drop-cap{float:left;text-align:center;line-height:1;font-size:50px}.elementor-widget-text-editor .elementor-drop-cap-letter{display:inline-block}<\/style>\t\t\t\t<h4>\u00a0<\/h4><h4>\u00abYo soy el pan de vida.\u00a0<\/h4><h4>El que viene a m\u00ed no pasar\u00e1 hambre, y el que cree en m\u00ed nunca pasar\u00e1 sed.\u00bb<\/h4>\t\t\t\t\t\t<\/div>\n\t\t\t\t<\/div>\n\t\t\t\t\t<\/div>\n\t\t<\/div>\n\t\t\t\t<div class=\"elementor-column elementor-col-50 elementor-top-column elementor-element elementor-element-25fa91d\" data-id=\"25fa91d\" data-element_type=\"column\">\n\t\t\t<div class=\"elementor-widget-wrap elementor-element-populated\">\n\t\t\t\t\t\t<div class=\"elementor-element elementor-element-d8445c1 elementor-widget elementor-widget-text-editor\" data-id=\"d8445c1\" data-element_type=\"widget\" data-widget_type=\"text-editor.default\">\n\t\t\t\t<div class=\"elementor-widget-container\">\n\t\t\t\t\t\t\t<p><span style=\"font-size: 12.0pt; line-height: 107%;\">&nbsp;<\/span><\/p>\n<p><span style=\"font-size: 12.0pt; line-height: 107%;\">La Eucarist\u00eda es la fuente y culmen de la vida cristiana. En ella, Cristo se nos da a \u00c9l mismo. <\/span><\/p>\n<h4>MISAS HORARIO CONVENCIONAL:<\/h4><h4><ul style=\"color: rgb(122, 122, 122); font-family: Telex, sans-serif; font-size: 17px; margin-top: 2rem !important;\"><li>Lunes a S\u00e1bado: 11:00\/20:30h<\/li><li>Domingos y festivos: 11:00\/12:30\/13:30\/19:30\/20:30h<\/li><\/ul><\/h4>\n<h4>MISAS HORARIO DE VERANO 1 Julio &#8211; 15 Septiembre:<\/h4>\n<ul>\n<li>Lunes a S\u00e1bado: 20:30h<\/li>\n<li>Domingos y festivos: 11:00\/12:30\/20:30h<\/li>\n<\/ul>\n<h4>ADORACI\u00d3N EUCAR\u00cdSTICA:<\/h4>\n<ul>\n<li>Lunes: 21:00-22:00h (preparada por los j\u00f3venes)<\/li>\n<li>Jueves Eucar\u00edstico: 8:30-20:30h<\/li>\n<\/ul>\n<h4>CONFESIONES:<\/h4>\n<p>Durante las misas del domingo y a petici\u00f3n a los sacerdotes.<\/p>\t\t\t\t\t\t<\/div>\n\t\t\t\t<\/div>\n\t\t\t\t\t<\/div>\n\t\t<\/div>\n\t\t\t\t\t<\/div>\n\t\t<\/section>\n\t\t\t\t<\/div>\n\t\t","protected":false},"excerpt":{"rendered":"<p>Eucarist\u00eda \u00a0 \u00abYo soy el pan de vida.\u00a0 El que viene a m\u00ed no pasar\u00e1 hambre, y el que cree en m\u00ed nunca pasar\u00e1 sed.\u00bb &nbsp; La&hellip;<\/p>\n","protected":false},"author":8,"featured_media":0,"parent":5386,"menu_order":0,"comment_status":"closed","ping_status":"closed","template":"elementor_theme","meta":{"_monsterinsights_skip_tracking":false,"_monsterinsights_sitenote_active":false,"_monsterinsights_sitenote_note":"","_monsterinsights_sitenote_category":0,"footnotes":""},"rttpg_featured_image_url":null,"rttpg_author":{"display_name":"Alba Arag\u00f3n S\u00e1nchez","author_link":"https:\/\/parroquiasanjorge.es\/?author=8"},"rttpg_comment":0,"rttpg_category":null,"rttpg_excerpt":"Eucarist\u00eda \u00a0 \u00abYo soy el pan de vida.\u00a0 El que viene a m\u00ed no pasar\u00e1 hambre, y el que cree en m\u00ed nunca pasar\u00e1 sed.\u00bb &nbsp; La&hellip;","_links":{"self":[{"href":"https:\/\/parroquiasanjorge.es\/index.php?rest_route=\/wp\/v2\/pages\/5395"}],"collection":[{"href":"https:\/\/parroquiasanjorge.es\/index.php?rest_route=\/wp\/v2\/pages"}],"about":[{"href":"https:\/\/parroquiasanjorge.es\/index.php?rest_route=\/wp\/v2\/types\/page"}],"author":[{"embeddable":true,"href":"https:\/\/parroquiasanjorge.es\/index.php?rest_route=\/wp\/v2\/users\/8"}],"replies":[{"embeddable":true,"href":"https:\/\/parroquiasanjorge.es\/index.php?rest_route=%2Fwp%2Fv2%2Fcomments&post=5395"}],"version-history":[{"count":52,"href":"https:\/\/parroquiasanjorge.es\/index.php?rest_route=\/wp\/v2\/pages\/5395\/revisions"}],"predecessor-version":[{"id":6326,"href":"https:\/\/parroquiasanjorge.es\/index.php?rest_route=\/wp\/v2\/pages\/5395\/revisions\/6326"}],"up":[{"embeddable":true,"href":"https:\/\/parroquiasanjorge.es\/index.php?rest_route=\/wp\/v2\/pages\/5386"}],"wp:attachment":[{"href":"https:\/\/parroquiasanjorge.es\/index.php?rest_route=%2Fwp%2Fv2%2Fmedia&parent=5395"}],"curies":[{"name":"wp","href":"https:\/\/api.w.org\/{rel}","templated":true}]}}