{"id":5339,"date":"2021-09-19T18:33:56","date_gmt":"2021-09-19T17:33:56","guid":{"rendered":"https:\/\/parroquiasanjorge.es\/?page_id=5339"},"modified":"2025-09-19T09:39:05","modified_gmt":"2025-09-19T08:39:05","slug":"la-parroquia","status":"publish","type":"page","link":"https:\/\/parroquiasanjorge.es\/?page_id=5339","title":{"rendered":"La Parroquia"},"content":{"rendered":"\t\t<div data-elementor-type=\"wp-page\" data-elementor-id=\"5339\" class=\"elementor elementor-5339\">\n\t\t\t\t\t\t<section class=\"elementor-section elementor-top-section elementor-element elementor-element-ff68934 elementor-section-full_width elementor-section-height-full elementor-section-stretched elementor-section-height-default elementor-section-items-middle\" data-id=\"ff68934\" data-element_type=\"section\" data-settings=\"{&quot;stretch_section&quot;:&quot;section-stretched&quot;}\">\n\t\t\t\t\t\t<div class=\"elementor-container elementor-column-gap-custom\">\n\t\t\t\t\t<div class=\"elementor-column elementor-col-100 elementor-top-column elementor-element elementor-element-f8e7d52\" data-id=\"f8e7d52\" data-element_type=\"column\">\n\t\t\t<div class=\"elementor-widget-wrap elementor-element-populated\">\n\t\t\t\t\t\t<div class=\"elementor-element elementor-element-7587f8e elementor-widget elementor-widget-image\" data-id=\"7587f8e\" data-element_type=\"widget\" data-widget_type=\"image.default\">\n\t\t\t\t<div class=\"elementor-widget-container\">\n\t\t\t<style>\/*! elementor - v3.20.0 - 11-03-2024 *\/\n.elementor-widget-image{text-align:center}.elementor-widget-image a{display:inline-block}.elementor-widget-image a img[src$=\".svg\"]{width:48px}.elementor-widget-image img{vertical-align:middle;display:inline-block}<\/style>\t\t\t\t\t\t\t\t\t\t<img fetchpriority=\"high\" decoding=\"async\" width=\"2560\" height=\"1707\" src=\"https:\/\/parroquiasanjorge.es\/wp-content\/uploads\/2021\/09\/5_nuestra_parroquia-9-scaled.jpg\" class=\"attachment-full size-full wp-image-5215\" alt=\"\" \/>\t\t\t\t\t\t\t\t\t\t\t\t\t<\/div>\n\t\t\t\t<\/div>\n\t\t\t\t\t<\/div>\n\t\t<\/div>\n\t\t\t\t\t<\/div>\n\t\t<\/section>\n\t\t\t\t<section class=\"elementor-section elementor-top-section elementor-element elementor-element-fe4d7e2 elementor-section-full_width elementor-section-height-default elementor-section-height-default\" data-id=\"fe4d7e2\" data-element_type=\"section\">\n\t\t\t\t\t\t<div class=\"elementor-container elementor-column-gap-default\">\n\t\t\t\t\t<div class=\"elementor-column elementor-col-100 elementor-top-column elementor-element elementor-element-8626150\" data-id=\"8626150\" data-element_type=\"column\">\n\t\t\t<div class=\"elementor-widget-wrap elementor-element-populated\">\n\t\t\t\t\t\t<div class=\"elementor-element elementor-element-e2ae9b3 elementor-widget elementor-widget-heading\" data-id=\"e2ae9b3\" data-element_type=\"widget\" data-widget_type=\"heading.default\">\n\t\t\t\t<div class=\"elementor-widget-container\">\n\t\t\t<style>\/*! elementor - v3.20.0 - 11-03-2024 *\/\n.elementor-heading-title{padding:0;margin:0;line-height:1}.elementor-widget-heading .elementor-heading-title[class*=elementor-size-]>a{color:inherit;font-size:inherit;line-height:inherit}.elementor-widget-heading .elementor-heading-title.elementor-size-small{font-size:15px}.elementor-widget-heading .elementor-heading-title.elementor-size-medium{font-size:19px}.elementor-widget-heading .elementor-heading-title.elementor-size-large{font-size:29px}.elementor-widget-heading .elementor-heading-title.elementor-size-xl{font-size:39px}.elementor-widget-heading .elementor-heading-title.elementor-size-xxl{font-size:59px}<\/style><h2 class=\"elementor-heading-title elementor-size-default\">La Parroquia<\/h2>\t\t<\/div>\n\t\t\t\t<\/div>\n\t\t\t\t\t<\/div>\n\t\t<\/div>\n\t\t\t\t\t<\/div>\n\t\t<\/section>\n\t\t\t\t<section class=\"elementor-section elementor-top-section elementor-element elementor-element-2605ce0 elementor-section-boxed elementor-section-height-default elementor-section-height-default\" data-id=\"2605ce0\" data-element_type=\"section\">\n\t\t\t\t\t\t<div class=\"elementor-container elementor-column-gap-default\">\n\t\t\t\t\t<div class=\"elementor-column elementor-col-100 elementor-top-column elementor-element elementor-element-b32d80b\" data-id=\"b32d80b\" data-element_type=\"column\">\n\t\t\t<div class=\"elementor-widget-wrap elementor-element-populated\">\n\t\t\t\t\t\t<div class=\"elementor-element elementor-element-bd89705 elementor-widget elementor-widget-heading\" data-id=\"bd89705\" data-element_type=\"widget\" data-widget_type=\"heading.default\">\n\t\t\t\t<div class=\"elementor-widget-container\">\n\t\t\t<h2 class=\"elementor-heading-title elementor-size-default\"><br>HORARIO de INVIERNO:<\/h2>\t\t<\/div>\n\t\t\t\t<\/div>\n\t\t\t\t\t<\/div>\n\t\t<\/div>\n\t\t\t\t\t<\/div>\n\t\t<\/section>\n\t\t\t\t<section class=\"elementor-section elementor-top-section elementor-element elementor-element-caac2fc elementor-section-boxed elementor-section-height-default elementor-section-height-default\" data-id=\"caac2fc\" data-element_type=\"section\">\n\t\t\t\t\t\t<div class=\"elementor-container elementor-column-gap-default\">\n\t\t\t\t\t<div class=\"elementor-column elementor-col-100 elementor-top-column elementor-element elementor-element-9a09de9\" data-id=\"9a09de9\" data-element_type=\"column\">\n\t\t\t<div class=\"elementor-widget-wrap elementor-element-populated\">\n\t\t\t\t\t\t<div class=\"elementor-element elementor-element-6dc0d67 elementor-widget elementor-widget-image\" data-id=\"6dc0d67\" data-element_type=\"widget\" data-widget_type=\"image.default\">\n\t\t\t\t<div class=\"elementor-widget-container\">\n\t\t\t\t\t\t\t\t\t\t\t\t\t<img decoding=\"async\" width=\"710\" height=\"502\" src=\"https:\/\/parroquiasanjorge.es\/wp-content\/uploads\/2025\/09\/HorarioInvierno-1024x724.jpeg\" class=\"attachment-large size-large wp-image-6912\" alt=\"\" \/>\t\t\t\t\t\t\t\t\t\t\t\t\t<\/div>\n\t\t\t\t<\/div>\n\t\t\t\t\t<\/div>\n\t\t<\/div>\n\t\t\t\t\t<\/div>\n\t\t<\/section>\n\t\t\t\t<section class=\"elementor-section elementor-top-section elementor-element elementor-element-275bb83 elementor-section-boxed elementor-section-height-default elementor-section-height-default\" data-id=\"275bb83\" data-element_type=\"section\">\n\t\t\t\t\t\t<div class=\"elementor-container elementor-column-gap-default\">\n\t\t\t\t\t<div class=\"elementor-column elementor-col-33 elementor-top-column elementor-element elementor-element-49205bf\" data-id=\"49205bf\" data-element_type=\"column\">\n\t\t\t<div class=\"elementor-widget-wrap elementor-element-populated\">\n\t\t\t\t\t\t<div class=\"elementor-element elementor-element-bea8446 elementor-hidden-mobile elementor-widget elementor-widget-image\" data-id=\"bea8446\" data-element_type=\"widget\" data-widget_type=\"image.default\">\n\t\t\t\t<div class=\"elementor-widget-container\">\n\t\t\t\t\t\t\t\t\t\t\t\t\t<img decoding=\"async\" width=\"592\" height=\"859\" src=\"https:\/\/parroquiasanjorge.es\/wp-content\/uploads\/2021\/09\/planta-rotated-e1638208962633.jpg\" class=\"attachment-large size-large wp-image-5225\" alt=\"\" \/>\t\t\t\t\t\t\t\t\t\t\t\t\t<\/div>\n\t\t\t\t<\/div>\n\t\t\t\t\t<\/div>\n\t\t<\/div>\n\t\t\t\t<div class=\"elementor-column elementor-col-66 elementor-top-column elementor-element elementor-element-1bfdc8e\" data-id=\"1bfdc8e\" data-element_type=\"column\">\n\t\t\t<div class=\"elementor-widget-wrap elementor-element-populated\">\n\t\t\t\t\t\t<div class=\"elementor-element elementor-element-4d56103 elementor-hidden-desktop elementor-hidden-tablet elementor-hidden-mobile elementor-widget elementor-widget-text-editor\" data-id=\"4d56103\" data-element_type=\"widget\" data-widget_type=\"text-editor.default\">\n\t\t\t\t<div class=\"elementor-widget-container\">\n\t\t\t<style>\/*! elementor - v3.20.0 - 11-03-2024 *\/\n.elementor-widget-text-editor.elementor-drop-cap-view-stacked .elementor-drop-cap{background-color:#69727d;color:#fff}.elementor-widget-text-editor.elementor-drop-cap-view-framed .elementor-drop-cap{color:#69727d;border:3px solid;background-color:transparent}.elementor-widget-text-editor:not(.elementor-drop-cap-view-default) .elementor-drop-cap{margin-top:8px}.elementor-widget-text-editor:not(.elementor-drop-cap-view-default) .elementor-drop-cap-letter{width:1em;height:1em}.elementor-widget-text-editor .elementor-drop-cap{float:left;text-align:center;line-height:1;font-size:50px}.elementor-widget-text-editor .elementor-drop-cap-letter{display:inline-block}<\/style>\t\t\t\t<p>\u00a0<\/p><h4>HORARIO DE MISAS (16 sept &#8211; 30 jun):<\/h4><p>Lunes a S\u00e1bado: 11:00 &#8211; 20:30h<\/p><p>Domingos y festivos:\u00a0<span style=\"color: var( --e-global-color-text ); font-size: 1rem;\">11.00 &#8211; 12:30 &#8211; 13:30 &#8211; 19:30 &#8211; 20:30h<\/span><\/p><h4>APERTURA DEL TEMPLO:<\/h4><p>Lunes a Viernes: 8:00 \u2013 13:00 y 17:30 \u2013 <span style=\"color: var( --e-global-color-text ); font-size: 1rem;\">21:30h<\/span><\/p><p>Domingo: 8:30 \u2013 14:15 y 18:30 \u2013 21:15h<\/p><h4>ADORACI\u00d3N EUCAR\u00cdSTICA:<\/h4><p>Lunes: 21:00-22:00h (preparada por los<\/p><p>j\u00f3venes)<\/p><p>Jueves: 8:30-20:30h\u00a0<\/p><h4>CONFESIONES:<\/h4><p>Durante las misas y a petici\u00f3n\u00a0<span style=\"color: var( --e-global-color-text ); font-size: 1rem;\">a los sacerdotes.<\/span><\/p><h4>DESPACHO PARROQUIAL:<\/h4><p><span style=\"color: var( --e-global-color-text ); font-size: 1rem;\">Lunes a viernes: 18:30-20:00h<\/span><\/p><p><span style=\"color: var( --e-global-color-text ); font-size: 1rem;\">Para inscribir bodas, bautizos y funerales. Certificados.<\/span><\/p>\t\t\t\t\t\t<\/div>\n\t\t\t\t<\/div>\n\t\t\t\t\t<\/div>\n\t\t<\/div>\n\t\t\t\t\t<\/div>\n\t\t<\/section>\n\t\t\t\t<section class=\"elementor-section elementor-top-section elementor-element elementor-element-3157121 elementor-section-boxed elementor-section-height-default elementor-section-height-default\" data-id=\"3157121\" data-element_type=\"section\">\n\t\t\t\t\t\t<div class=\"elementor-container elementor-column-gap-default\">\n\t\t\t\t\t<div class=\"elementor-column elementor-col-66 elementor-top-column elementor-element elementor-element-633e103\" data-id=\"633e103\" data-element_type=\"column\">\n\t\t\t<div class=\"elementor-widget-wrap elementor-element-populated\">\n\t\t\t\t\t\t<div class=\"elementor-element elementor-element-eec1f7e elementor-widget elementor-widget-text-editor\" data-id=\"eec1f7e\" data-element_type=\"widget\" data-widget_type=\"text-editor.default\">\n\t\t\t\t<div class=\"elementor-widget-container\">\n\t\t\t\t\t\t\t<p>EQUIPO SACERDOTAL:<\/p>\t\t\t\t\t\t<\/div>\n\t\t\t\t<\/div>\n\t\t\t\t<div class=\"elementor-element elementor-element-fccd72e elementor-widget elementor-widget-text-editor\" data-id=\"fccd72e\" data-element_type=\"widget\" data-widget_type=\"text-editor.default\">\n\t\t\t\t<div class=\"elementor-widget-container\">\n\t\t\t\t\t\t\t<ul><li class=\"MsoNormal\"><span style=\"font-size: 12.0pt; line-height: 107%;\">Juan Pedro Carrera Zabaleta &#8211; P\u00e1rroco<\/span><\/li><li class=\"MsoNormal\"><span style=\"font-size: 12.0pt; line-height: 107%;\">Fco. Javier Andr\u00e9s Servert \u2013 Vicario Parroquial<\/span><\/li><\/ul>\t\t\t\t\t\t<\/div>\n\t\t\t\t<\/div>\n\t\t\t\t\t<\/div>\n\t\t<\/div>\n\t\t\t\t<div class=\"elementor-column elementor-col-33 elementor-top-column elementor-element elementor-element-04c16d0\" data-id=\"04c16d0\" data-element_type=\"column\">\n\t\t\t<div class=\"elementor-widget-wrap elementor-element-populated\">\n\t\t\t\t\t\t<div class=\"elementor-element elementor-element-7ca4929 elementor-widget elementor-widget-image\" data-id=\"7ca4929\" data-element_type=\"widget\" data-widget_type=\"image.default\">\n\t\t\t\t<div class=\"elementor-widget-container\">\n\t\t\t\t\t\t\t\t\t\t\t\t\t<img loading=\"lazy\" decoding=\"async\" width=\"800\" height=\"600\" src=\"https:\/\/parroquiasanjorge.es\/wp-content\/uploads\/2021\/09\/3.3_confirmacion_DSC_0020-800x600.jpg\" class=\"attachment-brayn-post-slide size-brayn-post-slide wp-image-5342\" alt=\"\" \/>\t\t\t\t\t\t\t\t\t\t\t\t\t<\/div>\n\t\t\t\t<\/div>\n\t\t\t\t\t<\/div>\n\t\t<\/div>\n\t\t\t\t\t<\/div>\n\t\t<\/section>\n\t\t\t\t<section class=\"elementor-section elementor-top-section elementor-element elementor-element-5d2c80c elementor-section-boxed elementor-section-height-default elementor-section-height-default\" data-id=\"5d2c80c\" data-element_type=\"section\">\n\t\t\t\t\t\t<div class=\"elementor-container elementor-column-gap-default\">\n\t\t\t\t\t<div class=\"elementor-column elementor-col-100 elementor-top-column elementor-element elementor-element-e77d58c\" data-id=\"e77d58c\" data-element_type=\"column\">\n\t\t\t<div class=\"elementor-widget-wrap elementor-element-populated\">\n\t\t\t\t\t\t<div class=\"elementor-element elementor-element-d03900d elementor-widget elementor-widget-text-editor\" data-id=\"d03900d\" data-element_type=\"widget\" data-widget_type=\"text-editor.default\">\n\t\t\t\t<div class=\"elementor-widget-container\">\n\t\t\t\t\t\t\t<p>HISTORIA:<\/p>\t\t\t\t\t\t<\/div>\n\t\t\t\t<\/div>\n\t\t\t\t<div class=\"elementor-element elementor-element-07502a6 elementor-widget elementor-widget-text-editor\" data-id=\"07502a6\" data-element_type=\"widget\" data-widget_type=\"text-editor.default\">\n\t\t\t\t<div class=\"elementor-widget-container\">\n\t\t\t\t\t\t\t<p>En el distrito de Chamart\u00edn, en el antiguo t\u00e9rmino municipal de Chamart\u00edn de la Rosa, se erigi\u00f3 can\u00f3nicamente, en 1974, nuestra parroquia, poni\u00e9ndola bajo la protecci\u00f3n de San Jorge, m\u00e1rtir de C\u00f3rdoba.<\/p><p>Cuando hablamos de San Jorge, siempre pensamos en \u201cel del drag\u00f3n\u201d. Pero no, \u201cnuestro san Jorge\u201d fue un monje di\u00e1cono palestino que fue martirizado en C\u00f3rdoba, en el a\u00f1o 852, desafiando a la ley isl\u00e1mica durante los emiratos de Abderram\u00e1n II y Mohamed I.<\/p><p>Aunque como hemos mencionado el inicio de la parroquia fue en 1974, el origen del templo es muy anterior, ya que originalmente se construy\u00f3 como la capilla de a la residencia de ancianos, regentada por las Hijas de la Caridad, y perteneciente a la Fundaci\u00f3n de la Sant\u00edsima Virgen y San Celedonio, que fue instituida gracias a la generosidad de los Condes del Val en 1896.<\/p><p>Las obras del templo se realizaron entre 1930 y 1935 sobre esta cima tan caracter\u00edstica de Madrid y se financiaron con los fondos de la Fundaci\u00f3n por la testamentar\u00eda de la Condesa viuda, fallecida en abril de 1927.<\/p><p>La historia de la parroquia queda forjada con el paso de los sucesivos p\u00e1rrocos que han estado al frente de la comunidad. Primero, Francisco Jos\u00e9 P\u00e9rez y Fern\u00e1ndez Golf\u00edn, nombrado por el cardenal Taranc\u00f3n; seguidamente Rafael Zornoza, Carlos Mart\u00ednez y Jos\u00e9 Vara. En la actualidad, y despu\u00e9s de m\u00e1s de 15 a\u00f1os, la parroquia est\u00e1 a cargo de Juan Pedro Carrera Zabaleta.<\/p>\t\t\t\t\t\t<\/div>\n\t\t\t\t<\/div>\n\t\t\t\t\t<\/div>\n\t\t<\/div>\n\t\t\t\t\t<\/div>\n\t\t<\/section>\n\t\t\t\t<section class=\"elementor-section elementor-top-section elementor-element elementor-element-9e77b5a elementor-section-boxed elementor-section-height-default elementor-section-height-default\" data-id=\"9e77b5a\" data-element_type=\"section\">\n\t\t\t\t\t\t<div class=\"elementor-container elementor-column-gap-default\">\n\t\t\t\t\t<div class=\"elementor-column elementor-col-100 elementor-top-column elementor-element elementor-element-783e738\" data-id=\"783e738\" data-element_type=\"column\">\n\t\t\t<div class=\"elementor-widget-wrap elementor-element-populated\">\n\t\t\t\t\t\t<div class=\"elementor-element elementor-element-181af7f elementor-widget elementor-widget-text-editor\" data-id=\"181af7f\" data-element_type=\"widget\" data-widget_type=\"text-editor.default\">\n\t\t\t\t<div class=\"elementor-widget-container\">\n\t\t\t\t\t\t\t<p>CONOCE LA PARROQUIA:<\/p>\t\t\t\t\t\t<\/div>\n\t\t\t\t<\/div>\n\t\t\t\t\t<\/div>\n\t\t<\/div>\n\t\t\t\t\t<\/div>\n\t\t<\/section>\n\t\t\t\t<section class=\"elementor-section elementor-top-section elementor-element elementor-element-69d7eb7 elementor-section-full_width elementor-section-stretched elementor-section-height-default elementor-section-height-default\" data-id=\"69d7eb7\" data-element_type=\"section\" data-settings=\"{&quot;stretch_section&quot;:&quot;section-stretched&quot;}\">\n\t\t\t\t\t\t<div class=\"elementor-container elementor-column-gap-no\">\n\t\t\t\t\t<div class=\"elementor-column elementor-col-100 elementor-top-column elementor-element elementor-element-53bede4\" data-id=\"53bede4\" data-element_type=\"column\">\n\t\t\t<div class=\"elementor-widget-wrap elementor-element-populated\">\n\t\t\t\t\t\t<div class=\"elementor-element elementor-element-690282a elementor-arrows-position-inside elementor-pagination-position-outside elementor-widget elementor-widget-image-carousel\" data-id=\"690282a\" data-element_type=\"widget\" data-settings=\"{&quot;slides_to_show&quot;:&quot;3&quot;,&quot;navigation&quot;:&quot;both&quot;,&quot;autoplay&quot;:&quot;yes&quot;,&quot;pause_on_hover&quot;:&quot;yes&quot;,&quot;pause_on_interaction&quot;:&quot;yes&quot;,&quot;autoplay_speed&quot;:5000,&quot;infinite&quot;:&quot;yes&quot;,&quot;speed&quot;:500}\" data-widget_type=\"image-carousel.default\">\n\t\t\t\t<div class=\"elementor-widget-container\">\n\t\t\t<style>\/*! elementor - v3.20.0 - 11-03-2024 *\/\n.elementor-widget-image-carousel .swiper,.elementor-widget-image-carousel .swiper-container{position:static}.elementor-widget-image-carousel .swiper-container .swiper-slide figure,.elementor-widget-image-carousel .swiper .swiper-slide figure{line-height:inherit}.elementor-widget-image-carousel .swiper-slide{text-align:center}.elementor-image-carousel-wrapper:not(.swiper-container-initialized):not(.swiper-initialized) .swiper-slide{max-width:calc(100% \/ var(--e-image-carousel-slides-to-show, 3))}<\/style>\t\t<div class=\"elementor-image-carousel-wrapper swiper\" dir=\"ltr\">\n\t\t\t<div class=\"elementor-image-carousel swiper-wrapper\" aria-live=\"off\">\n\t\t\t\t\t\t\t\t<div class=\"swiper-slide\" role=\"group\" aria-roledescription=\"slide\" aria-label=\"1 de 10\"><figure class=\"swiper-slide-inner\"><img decoding=\"async\" class=\"swiper-slide-image\" src=\"https:\/\/parroquiasanjorge.es\/wp-content\/uploads\/2021\/09\/5_nuestra_parroquia-7-scaled.jpg\" alt=\"5_nuestra_parroquia (7)\" \/><\/figure><\/div><div class=\"swiper-slide\" role=\"group\" aria-roledescription=\"slide\" aria-label=\"2 de 10\"><figure class=\"swiper-slide-inner\"><img decoding=\"async\" class=\"swiper-slide-image\" src=\"https:\/\/parroquiasanjorge.es\/wp-content\/uploads\/2021\/09\/5_nuestra_parroquia-9-scaled.jpg\" alt=\"5_nuestra_parroquia (9)\" \/><\/figure><\/div><div class=\"swiper-slide\" role=\"group\" aria-roledescription=\"slide\" aria-label=\"3 de 10\"><figure class=\"swiper-slide-inner\"><img decoding=\"async\" class=\"swiper-slide-image\" src=\"https:\/\/parroquiasanjorge.es\/wp-content\/uploads\/2021\/09\/3.6_matrimonio_2-scaled.jpg\" alt=\"3.6_matrimonio_2\" \/><\/figure><\/div><div class=\"swiper-slide\" role=\"group\" aria-roledescription=\"slide\" aria-label=\"4 de 10\"><figure class=\"swiper-slide-inner\"><img decoding=\"async\" class=\"swiper-slide-image\" src=\"https:\/\/parroquiasanjorge.es\/wp-content\/uploads\/2021\/09\/IMG_20210426_181906-scaled.jpg\" alt=\"IMG_20210426_181906\" \/><\/figure><\/div><div class=\"swiper-slide\" role=\"group\" aria-roledescription=\"slide\" aria-label=\"5 de 10\"><figure class=\"swiper-slide-inner\"><img decoding=\"async\" class=\"swiper-slide-image\" src=\"https:\/\/parroquiasanjorge.es\/wp-content\/uploads\/2021\/09\/3.4_penitencia_DSC_0078-scaled.jpg\" alt=\"3.4_penitencia_DSC_0078\" \/><\/figure><\/div><div class=\"swiper-slide\" role=\"group\" aria-roledescription=\"slide\" aria-label=\"6 de 10\"><figure class=\"swiper-slide-inner\"><img decoding=\"async\" class=\"swiper-slide-image\" src=\"https:\/\/parroquiasanjorge.es\/wp-content\/uploads\/2021\/09\/5_nuestra_parroquia-8-scaled.jpg\" alt=\"5_nuestra_parroquia (8)\" \/><\/figure><\/div><div class=\"swiper-slide\" role=\"group\" aria-roledescription=\"slide\" aria-label=\"7 de 10\"><figure class=\"swiper-slide-inner\"><img decoding=\"async\" class=\"swiper-slide-image\" src=\"https:\/\/parroquiasanjorge.es\/wp-content\/uploads\/2021\/09\/5_nuestra_parroquia-6-scaled.jpg\" alt=\"5_nuestra_parroquia (6)\" \/><\/figure><\/div><div class=\"swiper-slide\" role=\"group\" aria-roledescription=\"slide\" aria-label=\"8 de 10\"><figure class=\"swiper-slide-inner\"><img decoding=\"async\" class=\"swiper-slide-image\" src=\"https:\/\/parroquiasanjorge.es\/wp-content\/uploads\/2021\/09\/5_nuestra_parroquia-5-scaled.jpg\" alt=\"5_nuestra_parroquia (5)\" \/><\/figure><\/div><div class=\"swiper-slide\" role=\"group\" aria-roledescription=\"slide\" aria-label=\"9 de 10\"><figure class=\"swiper-slide-inner\"><img decoding=\"async\" class=\"swiper-slide-image\" src=\"https:\/\/parroquiasanjorge.es\/wp-content\/uploads\/2021\/09\/5_nuestra_parroquia-2-scaled.jpg\" alt=\"5_nuestra_parroquia (2)\" \/><\/figure><\/div><div class=\"swiper-slide\" role=\"group\" aria-roledescription=\"slide\" aria-label=\"10 de 10\"><figure class=\"swiper-slide-inner\"><img decoding=\"async\" class=\"swiper-slide-image\" src=\"https:\/\/parroquiasanjorge.es\/wp-content\/uploads\/2021\/11\/5_nuestra_parroquia-8-1-scaled.jpg\" alt=\"5_nuestra_parroquia (8)\" \/><\/figure><\/div>\t\t\t<\/div>\n\t\t\t\t\t\t\t\t\t\t\t\t<div class=\"elementor-swiper-button elementor-swiper-button-prev\" role=\"button\" tabindex=\"0\">\n\t\t\t\t\t\t<i aria-hidden=\"true\" class=\"eicon-chevron-left\"><\/i>\t\t\t\t\t<\/div>\n\t\t\t\t\t<div class=\"elementor-swiper-button elementor-swiper-button-next\" role=\"button\" tabindex=\"0\">\n\t\t\t\t\t\t<i aria-hidden=\"true\" class=\"eicon-chevron-right\"><\/i>\t\t\t\t\t<\/div>\n\t\t\t\t\n\t\t\t\t\t\t\t\t\t<div class=\"swiper-pagination\"><\/div>\n\t\t\t\t\t\t\t\t\t<\/div>\n\t\t\t\t<\/div>\n\t\t\t\t<\/div>\n\t\t\t\t\t<\/div>\n\t\t<\/div>\n\t\t\t\t\t<\/div>\n\t\t<\/section>\n\t\t\t\t<\/div>\n\t\t","protected":false},"excerpt":{"rendered":"<p>La Parroquia HORARIO de INVIERNO: \u00a0 HORARIO DE MISAS (16 sept &#8211; 30 jun): Lunes a S\u00e1bado: 11:00 &#8211; 20:30h Domingos y festivos:\u00a011.00 &#8211; 12:30 &#8211; 13:30&hellip;<\/p>\n","protected":false},"author":8,"featured_media":0,"parent":9,"menu_order":0,"comment_status":"closed","ping_status":"closed","template":"elementor_theme","meta":{"_monsterinsights_skip_tracking":false,"_monsterinsights_sitenote_active":false,"_monsterinsights_sitenote_note":"","_monsterinsights_sitenote_category":0,"footnotes":""},"rttpg_featured_image_url":null,"rttpg_author":{"display_name":"Alba Arag\u00f3n S\u00e1nchez","author_link":"https:\/\/parroquiasanjorge.es\/?author=8"},"rttpg_comment":0,"rttpg_category":null,"rttpg_excerpt":"La Parroquia HORARIO de INVIERNO: \u00a0 HORARIO DE MISAS (16 sept &#8211; 30 jun): Lunes a S\u00e1bado: 11:00 &#8211; 20:30h Domingos y festivos:\u00a011.00 &#8211; 12:30 &#8211; 13:30&hellip;","_links":{"self":[{"href":"https:\/\/parroquiasanjorge.es\/index.php?rest_route=\/wp\/v2\/pages\/5339"}],"collection":[{"href":"https:\/\/parroquiasanjorge.es\/index.php?rest_route=\/wp\/v2\/pages"}],"about":[{"href":"https:\/\/parroquiasanjorge.es\/index.php?rest_route=\/wp\/v2\/types\/page"}],"author":[{"embeddable":true,"href":"https:\/\/parroquiasanjorge.es\/index.php?rest_route=\/wp\/v2\/users\/8"}],"replies":[{"embeddable":true,"href":"https:\/\/parroquiasanjorge.es\/index.php?rest_route=%2Fwp%2Fv2%2Fcomments&post=5339"}],"version-history":[{"count":76,"href":"https:\/\/parroquiasanjorge.es\/index.php?rest_route=\/wp\/v2\/pages\/5339\/revisions"}],"predecessor-version":[{"id":6918,"href":"https:\/\/parroquiasanjorge.es\/index.php?rest_route=\/wp\/v2\/pages\/5339\/revisions\/6918"}],"up":[{"embeddable":true,"href":"https:\/\/parroquiasanjorge.es\/index.php?rest_route=\/wp\/v2\/pages\/9"}],"wp:attachment":[{"href":"https:\/\/parroquiasanjorge.es\/index.php?rest_route=%2Fwp%2Fv2%2Fmedia&parent=5339"}],"curies":[{"name":"wp","href":"https:\/\/api.w.org\/{rel}","templated":true}]}}