{"id":4656,"date":"2020-05-25T17:29:12","date_gmt":"2020-05-25T16:29:12","guid":{"rendered":"https:\/\/parroquiasanjorge.es\/?page_id=4656"},"modified":"2026-03-26T18:35:55","modified_gmt":"2026-03-26T17:35:55","slug":"agenda","status":"publish","type":"page","link":"https:\/\/parroquiasanjorge.es\/?page_id=4656","title":{"rendered":"Agenda"},"content":{"rendered":"\t\t<div data-elementor-type=\"wp-page\" data-elementor-id=\"4656\" class=\"elementor elementor-4656\">\n\t\t\t\t\t\t<section class=\"elementor-section elementor-top-section elementor-element elementor-element-ff68934 elementor-section-full_width elementor-section-height-full elementor-section-stretched elementor-section-height-default elementor-section-items-middle\" data-id=\"ff68934\" data-element_type=\"section\" data-settings=\"{&quot;stretch_section&quot;:&quot;section-stretched&quot;}\">\n\t\t\t\t\t\t<div class=\"elementor-container elementor-column-gap-custom\">\n\t\t\t\t\t<div class=\"elementor-column elementor-col-100 elementor-top-column elementor-element elementor-element-f8e7d52\" data-id=\"f8e7d52\" data-element_type=\"column\">\n\t\t\t<div class=\"elementor-widget-wrap elementor-element-populated\">\n\t\t\t\t\t\t<div class=\"elementor-element elementor-element-7587f8e elementor-widget elementor-widget-image\" data-id=\"7587f8e\" data-element_type=\"widget\" data-widget_type=\"image.default\">\n\t\t\t\t<div class=\"elementor-widget-container\">\n\t\t\t<style>\/*! elementor - v3.20.0 - 11-03-2024 *\/\n.elementor-widget-image{text-align:center}.elementor-widget-image a{display:inline-block}.elementor-widget-image a img[src$=\".svg\"]{width:48px}.elementor-widget-image img{vertical-align:middle;display:inline-block}<\/style>\t\t\t\t\t\t\t\t\t\t<img fetchpriority=\"high\" decoding=\"async\" width=\"2560\" height=\"1323\" src=\"https:\/\/parroquiasanjorge.es\/wp-content\/uploads\/2021\/09\/Cabecera-agenda-scaled.jpg\" class=\"attachment-full size-full wp-image-5293\" alt=\"\" \/>\t\t\t\t\t\t\t\t\t\t\t\t\t<\/div>\n\t\t\t\t<\/div>\n\t\t\t\t\t<\/div>\n\t\t<\/div>\n\t\t\t\t\t<\/div>\n\t\t<\/section>\n\t\t\t\t<section class=\"elementor-section elementor-top-section elementor-element elementor-element-cdc3239 elementor-section-boxed elementor-section-height-default elementor-section-height-default\" data-id=\"cdc3239\" data-element_type=\"section\">\n\t\t\t\t\t\t<div class=\"elementor-container elementor-column-gap-default\">\n\t\t\t\t\t<div class=\"elementor-column elementor-col-100 elementor-top-column elementor-element elementor-element-d202a85\" data-id=\"d202a85\" data-element_type=\"column\">\n\t\t\t<div class=\"elementor-widget-wrap elementor-element-populated\">\n\t\t\t\t\t\t<div class=\"elementor-element elementor-element-3913d84 elementor-widget elementor-widget-heading\" data-id=\"3913d84\" data-element_type=\"widget\" data-widget_type=\"heading.default\">\n\t\t\t\t<div class=\"elementor-widget-container\">\n\t\t\t<style>\/*! elementor - v3.20.0 - 11-03-2024 *\/\n.elementor-heading-title{padding:0;margin:0;line-height:1}.elementor-widget-heading .elementor-heading-title[class*=elementor-size-]>a{color:inherit;font-size:inherit;line-height:inherit}.elementor-widget-heading .elementor-heading-title.elementor-size-small{font-size:15px}.elementor-widget-heading .elementor-heading-title.elementor-size-medium{font-size:19px}.elementor-widget-heading .elementor-heading-title.elementor-size-large{font-size:29px}.elementor-widget-heading .elementor-heading-title.elementor-size-xl{font-size:39px}.elementor-widget-heading .elementor-heading-title.elementor-size-xxl{font-size:59px}<\/style><h2 class=\"elementor-heading-title elementor-size-default\">Semana Santa 2026<\/h2>\t\t<\/div>\n\t\t\t\t<\/div>\n\t\t\t\t\t<\/div>\n\t\t<\/div>\n\t\t\t\t\t<\/div>\n\t\t<\/section>\n\t\t\t\t<section class=\"elementor-section elementor-top-section elementor-element elementor-element-34ffcde elementor-section-boxed elementor-section-height-default elementor-section-height-default\" data-id=\"34ffcde\" data-element_type=\"section\">\n\t\t\t\t\t\t<div class=\"elementor-container elementor-column-gap-default\">\n\t\t\t\t\t<div class=\"elementor-column elementor-col-50 elementor-top-column elementor-element elementor-element-e6b1852\" data-id=\"e6b1852\" data-element_type=\"column\">\n\t\t\t<div class=\"elementor-widget-wrap elementor-element-populated\">\n\t\t\t\t\t\t<div class=\"elementor-element elementor-element-d7f0960 elementor-widget elementor-widget-text-editor\" data-id=\"d7f0960\" data-element_type=\"widget\" data-widget_type=\"text-editor.default\">\n\t\t\t\t<div class=\"elementor-widget-container\">\n\t\t\t<style>\/*! elementor - v3.20.0 - 11-03-2024 *\/\n.elementor-widget-text-editor.elementor-drop-cap-view-stacked .elementor-drop-cap{background-color:#69727d;color:#fff}.elementor-widget-text-editor.elementor-drop-cap-view-framed .elementor-drop-cap{color:#69727d;border:3px solid;background-color:transparent}.elementor-widget-text-editor:not(.elementor-drop-cap-view-default) .elementor-drop-cap{margin-top:8px}.elementor-widget-text-editor:not(.elementor-drop-cap-view-default) .elementor-drop-cap-letter{width:1em;height:1em}.elementor-widget-text-editor .elementor-drop-cap{float:left;text-align:center;line-height:1;font-size:50px}.elementor-widget-text-editor .elementor-drop-cap-letter{display:inline-block}<\/style>\t\t\t\t<p>Ven a vivir la Semana Santa en la Parroquia.\u00a0<\/p><p>Adem\u00e1s, contamos con actividades especialmente pensadas para los j\u00f3venes desde el mi\u00e9rcoles 1 de abril por la tarde\u00a0<span style=\"font-size: 1rem;\">hasta la Vigilia Pascual. Dormiremos en casa pero pasaremos todo el d\u00eda viviendo la Semana Santa en Comunidad. Os animamos a apuntaros a la convivencia completa para poder meternos de lleno en el misterio de la Pasi\u00f3n y que el Se\u00f1or haga verdaderamente nueva esta Semana Santa:\u00a0<\/span><\/p><div>https:\/\/forms.gle\/LaHFKpTJ8c32rkD56<\/div><p>\u00a0<\/p>\t\t\t\t\t\t<\/div>\n\t\t\t\t<\/div>\n\t\t\t\t\t<\/div>\n\t\t<\/div>\n\t\t\t\t<div class=\"elementor-column elementor-col-50 elementor-top-column elementor-element elementor-element-ff571f9\" data-id=\"ff571f9\" data-element_type=\"column\">\n\t\t\t<div class=\"elementor-widget-wrap elementor-element-populated\">\n\t\t\t\t\t\t<div class=\"elementor-element elementor-element-bfffe32 elementor-widget elementor-widget-image\" data-id=\"bfffe32\" data-element_type=\"widget\" data-widget_type=\"image.default\">\n\t\t\t\t<div class=\"elementor-widget-container\">\n\t\t\t\t\t\t\t\t\t\t\t\t\t<img decoding=\"async\" width=\"710\" height=\"1004\" src=\"https:\/\/parroquiasanjorge.es\/wp-content\/uploads\/2026\/03\/SS2026-724x1024.jpeg\" class=\"attachment-large size-large wp-image-7027\" alt=\"\" \/>\t\t\t\t\t\t\t\t\t\t\t\t\t<\/div>\n\t\t\t\t<\/div>\n\t\t\t\t\t<\/div>\n\t\t<\/div>\n\t\t\t\t\t<\/div>\n\t\t<\/section>\n\t\t\t\t<section class=\"elementor-section elementor-top-section elementor-element elementor-element-4d809f5 elementor-section-boxed elementor-section-height-default elementor-section-height-default\" data-id=\"4d809f5\" data-element_type=\"section\">\n\t\t\t\t\t\t<div class=\"elementor-container elementor-column-gap-default\">\n\t\t\t\t\t<div class=\"elementor-column elementor-col-100 elementor-top-column elementor-element elementor-element-e1e4c7b\" data-id=\"e1e4c7b\" data-element_type=\"column\">\n\t\t\t<div class=\"elementor-widget-wrap elementor-element-populated\">\n\t\t\t\t\t\t<div class=\"elementor-element elementor-element-bf01dc2 elementor-widget elementor-widget-text-editor\" data-id=\"bf01dc2\" data-element_type=\"widget\" data-widget_type=\"text-editor.default\">\n\t\t\t\t<div class=\"elementor-widget-container\">\n\t\t\t\t\t\t\t\t\t\t\t\t\t<\/div>\n\t\t\t\t<\/div>\n\t\t\t\t\t<\/div>\n\t\t<\/div>\n\t\t\t\t\t<\/div>\n\t\t<\/section>\n\t\t\t\t<\/div>\n\t\t","protected":false},"excerpt":{"rendered":"<p>Semana Santa 2026 Ven a vivir la Semana Santa en la Parroquia.\u00a0 Adem\u00e1s, contamos con actividades especialmente pensadas para los j\u00f3venes desde el mi\u00e9rcoles 1 de abril&hellip;<\/p>\n","protected":false},"author":8,"featured_media":0,"parent":9,"menu_order":0,"comment_status":"closed","ping_status":"closed","template":"elementor_theme","meta":{"_monsterinsights_skip_tracking":false,"_monsterinsights_sitenote_active":false,"_monsterinsights_sitenote_note":"","_monsterinsights_sitenote_category":0,"footnotes":""},"rttpg_featured_image_url":null,"rttpg_author":{"display_name":"Alba Arag\u00f3n S\u00e1nchez","author_link":"https:\/\/parroquiasanjorge.es\/?author=8"},"rttpg_comment":0,"rttpg_category":null,"rttpg_excerpt":"Semana Santa 2026 Ven a vivir la Semana Santa en la Parroquia.\u00a0 Adem\u00e1s, contamos con actividades especialmente pensadas para los j\u00f3venes desde el mi\u00e9rcoles 1 de abril&hellip;","_links":{"self":[{"href":"https:\/\/parroquiasanjorge.es\/index.php?rest_route=\/wp\/v2\/pages\/4656"}],"collection":[{"href":"https:\/\/parroquiasanjorge.es\/index.php?rest_route=\/wp\/v2\/pages"}],"about":[{"href":"https:\/\/parroquiasanjorge.es\/index.php?rest_route=\/wp\/v2\/types\/page"}],"author":[{"embeddable":true,"href":"https:\/\/parroquiasanjorge.es\/index.php?rest_route=\/wp\/v2\/users\/8"}],"replies":[{"embeddable":true,"href":"https:\/\/parroquiasanjorge.es\/index.php?rest_route=%2Fwp%2Fv2%2Fcomments&post=4656"}],"version-history":[{"count":191,"href":"https:\/\/parroquiasanjorge.es\/index.php?rest_route=\/wp\/v2\/pages\/4656\/revisions"}],"predecessor-version":[{"id":7033,"href":"https:\/\/parroquiasanjorge.es\/index.php?rest_route=\/wp\/v2\/pages\/4656\/revisions\/7033"}],"up":[{"embeddable":true,"href":"https:\/\/parroquiasanjorge.es\/index.php?rest_route=\/wp\/v2\/pages\/9"}],"wp:attachment":[{"href":"https:\/\/parroquiasanjorge.es\/index.php?rest_route=%2Fwp%2Fv2%2Fmedia&parent=4656"}],"curies":[{"name":"wp","href":"https:\/\/api.w.org\/{rel}","templated":true}]}}