{"id":3,"date":"2020-05-20T14:31:55","date_gmt":"2020-05-20T14:31:55","guid":{"rendered":"https:\/\/parroquiasanjorge.es\/?page_id=3"},"modified":"2020-05-22T15:58:58","modified_gmt":"2020-05-22T14:58:58","slug":"privacy-policy","status":"publish","type":"page","link":"https:\/\/parroquiasanjorge.es\/?page_id=3","title":{"rendered":"Pol\u00edtica de privacidad"},"content":{"rendered":"\n<p>La Parroquia San Jorge est\u00e1 especialmente sensibilizado en la protecci\u00f3n de datos de car\u00e1cter personal de los Usuarios de los servicios del sitio Web. Mediante la presente Pol\u00edtica de Privacidad (o Pol\u00edtica de Protecci\u00f3n de Datos) la Parroquia San Jorge informa a los USUARIOS del sitio web:&nbsp;<a href=\"https:\/\/parroquiasanjorge.es\/\">https:\/\/parroquiasanjorge.es\/<\/a>, de los usos a los que se someten los datos de car\u00e1cter personal que se recaban en sitio Web, con el fin de que decidan, libre y voluntariamente, si desean facilitar la informaci\u00f3n solicitada.<\/p>\n\n\n\n<p>La Parroquia San Jorge se reserva la facultad de modificar esta Pol\u00edtica con el objeto de adaptarla a novedades legislativas, criterios jurisprudenciales, pr\u00e1cticas del sector, o intereses de la entidad. Cualquier modificaci\u00f3n en la misma ser\u00e1 anunciada con la debida antelaci\u00f3n, a fin de que tengas perfecto conocimiento de su contenido.<\/p>\n\n\n\n<ol><li><strong>Responsable<\/strong><\/li><\/ol>\n\n\n\n<p>El Responsable del Tratamiento de los datos de car\u00e1cter personal es:<\/p>\n\n\n\n<ul><li>Titular: Parroquia San Jorge.<\/li><li>CIF: R7800738B<\/li><li>Domicilio: C\/ Padre Dami\u00e1n 22, 28036, Madrid \u2013 Espa\u00f1a.<\/li><li>Correo electr\u00f3nico:\u00a0<a href=\"mailto:pqnsmoratalaz@archimadrid.es\">parroquiasanjorgemartir@archimadrid.es<\/a><\/li><li>Sitio Web: <a href=\"https:\/\/parroquiasanjorge.es\/\"><\/a><a href=\"https:\/\/parroquiasanjorge.es\/\">https:\/\/parroquiasanjorge.es\/<\/a><\/li><\/ul>\n\n\n\n<ol start=\"2\"><li><strong>Finalidad del tratamiento<\/strong><\/li><\/ol>\n\n\n\n<p>La finalidad de la recogida y tratamiento de los datos personales, a trav\u00e9s de la p\u00e1gina web <a href=\"https:\/\/parroquiasanjorge.es\/\"><a href=\"https:\/\/parroquiasanjorge.es\/\">https:\/\/parroquiasanjorge.es\/<\/a><\/a>, a trav\u00e9s de los distintos formularios propiedad de la Parroquia San Jorge puestos a disposici\u00f3n de los Usuarios, responden, seg\u00fan el caso concreto, a las siguientes finalidades:<\/p>\n\n\n\n<ul><li>Resolver las consultas, dudas y sugerencias que nos puedas plantear a trav\u00e9s de los diversos medios de contacto puestos a tu disposici\u00f3n.<\/li><li>Informarles de otras actividades organizadas por la Parroquia San Jorge o publicaciones efectuadas en la Parroquia San Jorge que puedan resultar de su inter\u00e9s.<\/li><li>Tramitar su solicitud de participaci\u00f3n en los eventos, campamentos o actividades que la Parroquia San Jorge organiza.<\/li><\/ul>\n\n\n\n<ol start=\"3\"><li><strong>Plazo de conservaci\u00f3n<\/strong><\/li><\/ol>\n\n\n\n<p>En cuanto al plazo de conservaci\u00f3n, los datos personales proporcionados se conservar\u00e1n durante el plazo correspondiente para cumplir con las obligaciones legales, o hasta que se solicite su supresi\u00f3n por el interesado y este est\u00e9 legitimado para ello.<\/p>\n\n\n\n<ol start=\"4\"><li><strong>Legitimaci\u00f3n<\/strong><\/li><\/ol>\n\n\n\n<p>La Parroquia San Jorge est\u00e1 legitimada en base al consentimiento otorgado por el interesado para uno o varios fines espec\u00edficos, tal y como recoge el art\u00edculo 6.1. a) al cumplimentar los formularios y marcar la casilla habilitada.<\/p>\n\n\n\n<ol start=\"5\"><li><strong>Exactitud de los datos<\/strong><\/li><\/ol>\n\n\n\n<p>Por otro lado, con el fin de que los datos obrantes en nuestros ficheros, inform\u00e1ticos y\/o en papel, siempre correspondan a la realidad, se tratar\u00e1 de mantener actualizados. De manera que, a estos efectos, el Usuario deber\u00e1 realizar los cambios, directamente, cuando as\u00ed est\u00e9 habilitado o comunic\u00e1ndose, por medio fehaciente, al \u00e1rea o departamento correspondiente de la Parroquia San Jorge.<\/p>\n\n\n\n<ol start=\"6\"><li><strong>Destinatarios<\/strong><\/li><\/ol>\n\n\n\n<p>Los datos personales no ser\u00e1n cedidos o comunicados a terceros, salvo en los supuestos necesarios para el desarrollo, control y cumplimiento de la\/s finalidad\/es expresada\/s, en los supuestos previstos seg\u00fan Ley.<\/p>\n\n\n\n<ol start=\"7\"><li><strong>Derechos de los usuarios<\/strong><\/li><\/ol>\n\n\n\n<p>Ud. podr\u00e1 ejercitar los derechos de Acceso, Rectificaci\u00f3n, Portabilidad, Supresi\u00f3n o, en su caso, Oposici\u00f3n. Para ejercitar los derechos deber\u00e1 presentar un escrito en la direcci\u00f3n arriba se\u00f1alada, o a <a href=\"mailto:parroquiasanjorgemartir@archimadrid.es\">parroquiasanjorgemartir@archimadrid.es<\/a>. Deber\u00e1 especificar cu\u00e1l de estos derechos solicita sea satisfecho y, a su vez, deber\u00e1 acompa\u00f1arse de la fotocopia del DNI o documento identificativo equivalente. En caso de que actuara mediante representante, legal o voluntario, deber\u00e1 aportar tambi\u00e9n documento que acredite la representaci\u00f3n y documento identificativo del mismo.<\/p>\n\n\n\n<p>Asimismo, en caso de considerar vulnerado su derecho a la protecci\u00f3n de datos personales, podr\u00e1 interponer una reclamaci\u00f3n ante la Agencia Espa\u00f1ola de Protecci\u00f3n de Datos (<a href=\"http:\/\/www.aepd.es\/\">www.aepd.es<\/a>).<\/p>\n\n\n\n<ol start=\"8\"><li><strong>Medidas de seguridad<\/strong><\/li><\/ol>\n\n\n\n<p>Finalmente se informa que la PARROQUIA SAN JORGE adoptar\u00e1 en su sistema de informaci\u00f3n las medidas t\u00e9cnicas y organizativas adecuadas, a fin de garantizar la seguridad y confidencialidad de los datos almacenados, evitando as\u00ed, su alteraci\u00f3n, p\u00e9rdida, tratamiento o acceso no autorizado; teniendo en cuenta el estado de la t\u00e9cnica, los costes de aplicaci\u00f3n, y la naturaleza, el alcance, el contexto y los fines del tratamiento, as\u00ed como riesgos de probabilidad y gravedad variables asociadas a cada uno de los tratamientos.<\/p>\n\n\n\n<p>Parroquia San Jorge 2020 \u00a9 Todos los derechos reservados<\/p>\n","protected":false},"excerpt":{"rendered":"<p>La Parroquia San Jorge est\u00e1 especialmente sensibilizado en la protecci\u00f3n de datos de car\u00e1cter personal de los Usuarios de los servicios del sitio Web. Mediante la presente&hellip;<\/p>\n","protected":false},"author":1,"featured_media":0,"parent":0,"menu_order":0,"comment_status":"closed","ping_status":"open","template":"","meta":{"_monsterinsights_skip_tracking":false,"_monsterinsights_sitenote_active":false,"_monsterinsights_sitenote_note":"","_monsterinsights_sitenote_category":0,"footnotes":""},"rttpg_featured_image_url":null,"rttpg_author":{"display_name":"admin","author_link":"https:\/\/parroquiasanjorge.es\/?author=1"},"rttpg_comment":0,"rttpg_category":null,"rttpg_excerpt":"La Parroquia San Jorge est\u00e1 especialmente sensibilizado en la protecci\u00f3n de datos de car\u00e1cter personal de los Usuarios de los servicios del sitio Web. Mediante la presente&hellip;","_links":{"self":[{"href":"https:\/\/parroquiasanjorge.es\/index.php?rest_route=\/wp\/v2\/pages\/3"}],"collection":[{"href":"https:\/\/parroquiasanjorge.es\/index.php?rest_route=\/wp\/v2\/pages"}],"about":[{"href":"https:\/\/parroquiasanjorge.es\/index.php?rest_route=\/wp\/v2\/types\/page"}],"author":[{"embeddable":true,"href":"https:\/\/parroquiasanjorge.es\/index.php?rest_route=\/wp\/v2\/users\/1"}],"replies":[{"embeddable":true,"href":"https:\/\/parroquiasanjorge.es\/index.php?rest_route=%2Fwp%2Fv2%2Fcomments&post=3"}],"version-history":[{"count":2,"href":"https:\/\/parroquiasanjorge.es\/index.php?rest_route=\/wp\/v2\/pages\/3\/revisions"}],"predecessor-version":[{"id":105,"href":"https:\/\/parroquiasanjorge.es\/index.php?rest_route=\/wp\/v2\/pages\/3\/revisions\/105"}],"wp:attachment":[{"href":"https:\/\/parroquiasanjorge.es\/index.php?rest_route=%2Fwp%2Fv2%2Fmedia&parent=3"}],"curies":[{"name":"wp","href":"https:\/\/api.w.org\/{rel}","templated":true}]}}